{"id":109,"date":"2026-01-10T08:25:08","date_gmt":"2026-01-10T08:25:08","guid":{"rendered":"https:\/\/sha-messe.com\/?page_id=109"},"modified":"2026-01-10T10:59:13","modified_gmt":"2026-01-10T10:59:13","slug":"energy-plus-group","status":"publish","type":"page","link":"https:\/\/sha-messe.com\/en\/energy-plus-group\/","title":{"rendered":"Energy-Plus-Group"},"content":{"rendered":"<p>[et_pb_section fb_built=&#8220;1&#8243; _builder_version=&#8220;4.27.5&#8243; _module_preset=&#8220;default&#8220; hover_enabled=&#8220;0&#8243; global_colors_info=&#8220;{}&#8220; custom_margin=&#8220;0px||0px||true|false&#8220; custom_padding=&#8220;0px||0px||true|false&#8220; sticky_enabled=&#8220;0&#8243;][et_pb_row custom_padding_last_edited=&#8220;on|tablet&#8220; _builder_version=&#8220;4.27.5&#8243; _module_preset=&#8220;default&#8220; background_color=&#8220;#bdd0de&#8220; custom_margin=&#8220;|||||true&#8220; custom_margin_tablet=&#8220;||0px||false|true&#8220; custom_margin_phone=&#8220;||0px||false|true&#8220; custom_margin_last_edited=&#8220;on|tablet&#8220; custom_padding=&#8220;|30px||30px|false|true&#8220; custom_padding_tablet=&#8220;||0px||false|true&#8220; custom_padding_phone=&#8220;||0px||false|true&#8220; border_width_top=&#8220;4px&#8220; border_color_top=&#8220;#bea675&#8243; border_width_right=&#8220;4px&#8220; border_color_right=&#8220;#bea675&#8243; border_width_left=&#8220;4px&#8220; border_color_left=&#8220;#bea675&#8243; global_colors_info=&#8220;{}&#8220;][et_pb_column type=&#8220;4_4&#8243; _builder_version=&#8220;4.27.5&#8243; _module_preset=&#8220;default&#8220; global_colors_info=&#8220;{}&#8220;][et_pb_text _builder_version=&#8220;4.27.5&#8243; _module_preset=&#8220;default&#8220; global_colors_info=&#8220;{}&#8220;]<\/p>\n<h1 style=\"text-align: center;\">ENERGY-Plus-Group<\/h1>\n<p>[\/et_pb_text][\/et_pb_column][\/et_pb_row][et_pb_row column_structure=&#8220;1_2,1_2&#8243; use_custom_gutter=&#8220;on&#8220; gutter_width=&#8220;2&#8243; custom_padding_last_edited=&#8220;on|tablet&#8220; _builder_version=&#8220;4.27.5&#8243; _module_preset=&#8220;default&#8220; background_color=&#8220;#bdd0de&#8220; custom_margin_tablet=&#8220;0px||||false|false&#8220; custom_margin_phone=&#8220;0px||||false|false&#8220; custom_margin_last_edited=&#8220;on|tablet&#8220; custom_padding=&#8220;|30px||30px|false|true&#8220; custom_padding_tablet=&#8220;0px||||false|true&#8220; custom_padding_phone=&#8220;0px||||false|true&#8220; border_width_right=&#8220;4px&#8220; border_color_right=&#8220;#bea675&#8243; border_width_left=&#8220;4px&#8220; border_color_left=&#8220;#bea675&#8243; global_colors_info=&#8220;{}&#8220;][et_pb_column type=&#8220;1_2&#8243; _builder_version=&#8220;4.27.5&#8243; _module_preset=&#8220;default&#8220; global_colors_info=&#8220;{}&#8220;][et_pb_text _builder_version=&#8220;4.27.5&#8243; _module_preset=&#8220;default&#8220; custom_margin=&#8220;30px||||false|false&#8220; global_colors_info=&#8220;{}&#8220;]<\/p>\n<p>Die SHA bietet mit verschiedenen Technologiepartnern massgeschneiderte<br \/>Gesamtl\u00f6sungen f\u00fcr die Abfallwirtschaft und Recycling an. Laut Weltbank wird das globale M\u00fcllaufkommen bis 2050 stark steigen: von heute ca. 2,01 Milliarden Tonnen M\u00fcll pro Jahr auf etwa 3,4 Milliarden Tonnen \u2014 eine Zunahme um rund 70 %. Dieser massive Anstieg resultiert u.a. aus Bev\u00f6lkerungswachstum und zunehmender Urbanisierung. Ohne effektive Abfallwirtschaft drohen enorme Umwelt-, Gesundheits- und Klimarisiken. SHA erachtet Investitionen in funktionierende Systeme der Abfallwirtschaft und Recycling-Infrastruktur als dringend erforderlich und setzt sich f\u00fcr kombinierte Reuse &amp; Recyclingprogramme mit Prinzipien der Kreislaufwirtschaft ein. Also nicht nur M\u00fcllentsorgung, sondern gezielte Wiedergewinnung von Materialien und Ressourcenschonung.\u00a0<\/p>\n<p>[\/et_pb_text][\/et_pb_column][et_pb_column type=&#8220;1_2&#8243; _builder_version=&#8220;4.27.5&#8243; _module_preset=&#8220;default&#8220; global_colors_info=&#8220;{}&#8220;][et_pb_image src=&#8220;https:\/\/sha-messe.com\/wp-content\/uploads\/2026\/01\/1-scaled.png&#8220; title_text=&#8220;1&#8243; force_fullwidth=&#8220;on&#8220; _builder_version=&#8220;4.27.5&#8243; _module_preset=&#8220;default&#8220; global_colors_info=&#8220;{}&#8220;][\/et_pb_image][\/et_pb_column][\/et_pb_row][et_pb_row column_structure=&#8220;1_4,1_2,1_4&#8243; custom_padding_last_edited=&#8220;on|tablet&#8220; _builder_version=&#8220;4.27.5&#8243; _module_preset=&#8220;default&#8220; background_color=&#8220;#bdd0de&#8220; custom_margin=&#8220;|auto|-5px|auto||&#8220; custom_margin_tablet=&#8220;0px||||false|false&#8220; custom_margin_phone=&#8220;0px||||false|false&#8220; custom_margin_last_edited=&#8220;on|tablet&#8220; custom_padding=&#8220;|30px||30px|false|true&#8220; custom_padding_tablet=&#8220;0px||0px||false|true&#8220; custom_padding_phone=&#8220;0px||0px||false|true&#8220; border_width_right=&#8220;4px&#8220; border_color_right=&#8220;#bea675&#8243; border_width_left=&#8220;4px&#8220; border_color_left=&#8220;#bea675&#8243; global_colors_info=&#8220;{}&#8220;][et_pb_column type=&#8220;1_4&#8243; _builder_version=&#8220;4.27.5&#8243; _module_preset=&#8220;default&#8220; global_colors_info=&#8220;{}&#8220;][\/et_pb_column][et_pb_column type=&#8220;1_2&#8243; _builder_version=&#8220;4.27.5&#8243; _module_preset=&#8220;default&#8220; global_colors_info=&#8220;{}&#8220;][et_pb_text _builder_version=&#8220;4.27.5&#8243; _module_preset=&#8220;default&#8220; header_2_text_color=&#8220;#0883b6&#8243; header_2_font_size_tablet=&#8220;&#8220; header_2_font_size_phone=&#8220;22px&#8220; header_2_font_size_last_edited=&#8220;on|phone&#8220; global_colors_info=&#8220;{}&#8220;]<\/p>\n<h2 style=\"text-align: center;\">M\u00fcllprobleme in wertvolle Materialien verwandeln.<\/h2>\n<p>[\/et_pb_text][\/et_pb_column][et_pb_column type=&#8220;1_4&#8243; _builder_version=&#8220;4.27.5&#8243; _module_preset=&#8220;default&#8220; global_colors_info=&#8220;{}&#8220;][\/et_pb_column][\/et_pb_row][et_pb_row column_structure=&#8220;1_2,1_2&#8243; use_custom_gutter=&#8220;on&#8220; gutter_width=&#8220;2&#8243; _builder_version=&#8220;4.27.5&#8243; _module_preset=&#8220;default&#8220; background_color=&#8220;#bdd0de&#8220; custom_padding=&#8220;|30px||30px|false|true&#8220; border_width_right=&#8220;4px&#8220; border_color_right=&#8220;#bea675&#8243; border_width_bottom=&#8220;4px&#8220; border_color_bottom=&#8220;#bea675&#8243; border_width_left=&#8220;4px&#8220; border_color_left=&#8220;#bea675&#8243; global_colors_info=&#8220;{}&#8220;][et_pb_column type=&#8220;1_2&#8243; _builder_version=&#8220;4.27.5&#8243; _module_preset=&#8220;default&#8220; global_colors_info=&#8220;{}&#8220;][et_pb_image src=&#8220;https:\/\/sha-messe.com\/wp-content\/uploads\/2026\/01\/csm_Abfallberge_23-01-2020_3243c7cfde.jpeg&#8220; title_text=&#8220;csm_Abfallberge_23-01-2020_3243c7cfde&#8220; _builder_version=&#8220;4.27.5&#8243; _module_preset=&#8220;default&#8220; global_colors_info=&#8220;{}&#8220;][\/et_pb_image][\/et_pb_column][et_pb_column type=&#8220;1_2&#8243; _builder_version=&#8220;4.27.5&#8243; _module_preset=&#8220;default&#8220; global_colors_info=&#8220;{}&#8220;][et_pb_text _builder_version=&#8220;4.27.5&#8243; _module_preset=&#8220;default&#8220; custom_margin=&#8220;30px||||false|false&#8220; global_colors_info=&#8220;{}&#8220;]<\/p>\n<p>Eine Schl\u00fcsseltechnologie ist die kontinuierliche thermische Verwertung, die nahezu jede Art von Abfall \u2013 Biomasse, Kunststoffe, Gummi, Abwasser oder Industrieschlamm \u2013 in verkaufsf\u00e4hige Produkte und Energie umwandelt.<\/p>\n<p>[\/et_pb_text][et_pb_text _builder_version=&#8220;4.27.5&#8243; _module_preset=&#8220;default&#8220; global_colors_info=&#8220;{}&#8220;]<\/p>\n<p>Die Materialien werden im Pyrolysereaktor unter Luftabschluss erhitzt und in Pyrolysegas und Pflanzenkohle \u00fcberf\u00fchrt. M\u00f6gliche Outputs: synthetische Biokraftstoffe, Pflanzenkohle, feste Brennstoffe, gereinigtes \u00d6l\/Biogas sowie hochwertige Kohlenstoffprodukte (z. B. Bodenverbesserer, CO\u2082-Speicherung durch Pflanzenkohle&#8230;). Die Anlagen sind modular, als station\u00e4re Systeme, Einbauten in bestehende Abfallinfrastrukturen oder mobile containerbasierte Einheiten \u2013 sogar auf Schiffen \u2013 realisierbar. Sie werden nach Inputmengen individuell geplant, in Hochleistungswerken gefertigt und inklusive Schulung &amp; Service geliefert.<\/p>\n<p>[\/et_pb_text][\/et_pb_column][\/et_pb_row][\/et_pb_section]<\/p>\n","protected":false},"excerpt":{"rendered":"<p>ENERGY-Plus-GroupDie SHA bietet mit verschiedenen Technologiepartnern massgeschneiderteGesamtl\u00f6sungen f\u00fcr die Abfallwirtschaft und Recycling an. Laut Weltbank wird das globale M\u00fcllaufkommen bis 2050 stark steigen: von heute ca. 2,01 Milliarden Tonnen M\u00fcll pro Jahr auf etwa 3,4 Milliarden Tonnen \u2014 eine Zunahme um rund 70 %. Dieser massive Anstieg resultiert u.a. aus Bev\u00f6lkerungswachstum und zunehmender Urbanisierung. Ohne [&hellip;]<\/p>\n","protected":false},"author":1,"featured_media":0,"parent":0,"menu_order":0,"comment_status":"closed","ping_status":"closed","template":"","meta":{"_acf_changed":false,"_et_pb_use_builder":"on","_et_pb_old_content":"","_et_gb_content_width":"","footnotes":""},"class_list":["post-109","page","type-page","status-publish","hentry"],"acf":[],"_links":{"self":[{"href":"https:\/\/sha-messe.com\/en\/wp-json\/wp\/v2\/pages\/109","targetHints":{"allow":["GET"]}}],"collection":[{"href":"https:\/\/sha-messe.com\/en\/wp-json\/wp\/v2\/pages"}],"about":[{"href":"https:\/\/sha-messe.com\/en\/wp-json\/wp\/v2\/types\/page"}],"author":[{"embeddable":true,"href":"https:\/\/sha-messe.com\/en\/wp-json\/wp\/v2\/users\/1"}],"replies":[{"embeddable":true,"href":"https:\/\/sha-messe.com\/en\/wp-json\/wp\/v2\/comments?post=109"}],"version-history":[{"count":5,"href":"https:\/\/sha-messe.com\/en\/wp-json\/wp\/v2\/pages\/109\/revisions"}],"predecessor-version":[{"id":198,"href":"https:\/\/sha-messe.com\/en\/wp-json\/wp\/v2\/pages\/109\/revisions\/198"}],"wp:attachment":[{"href":"https:\/\/sha-messe.com\/en\/wp-json\/wp\/v2\/media?parent=109"}],"curies":[{"name":"wp","href":"https:\/\/api.w.org\/{rel}","templated":true}]}}