{"id":118,"date":"2026-01-10T08:34:26","date_gmt":"2026-01-10T08:34:26","guid":{"rendered":"https:\/\/sha-messe.com\/?page_id=118"},"modified":"2026-01-10T10:59:15","modified_gmt":"2026-01-10T10:59:15","slug":"whitecell-power","status":"publish","type":"page","link":"https:\/\/sha-messe.com\/en\/whitecell-power\/","title":{"rendered":"Whitecell Power"},"content":{"rendered":"<p>[et_pb_section fb_built=&#8220;1&#8243; _builder_version=&#8220;4.27.5&#8243; _module_preset=&#8220;default&#8220; hover_enabled=&#8220;0&#8243; global_colors_info=&#8220;{}&#8220; custom_margin=&#8220;0px||0px||true|false&#8220; custom_padding=&#8220;0px||0px||true|false&#8220; sticky_enabled=&#8220;0&#8243;][et_pb_row custom_padding_last_edited=&#8220;on|tablet&#8220; _builder_version=&#8220;4.27.5&#8243; _module_preset=&#8220;default&#8220; background_color=&#8220;#bdd0de&#8220; custom_margin=&#8220;|||||true&#8220; custom_margin_tablet=&#8220;||0px||false|true&#8220; custom_margin_phone=&#8220;||0px||false|true&#8220; custom_margin_last_edited=&#8220;on|tablet&#8220; custom_padding=&#8220;|30px||30px|false|true&#8220; custom_padding_tablet=&#8220;||0px||false|true&#8220; custom_padding_phone=&#8220;||0px||false|true&#8220; border_width_top=&#8220;4px&#8220; border_color_top=&#8220;#bea675&#8243; border_width_right=&#8220;4px&#8220; border_color_right=&#8220;#bea675&#8243; border_width_left=&#8220;4px&#8220; border_color_left=&#8220;#bea675&#8243; global_colors_info=&#8220;{}&#8220;][et_pb_column type=&#8220;4_4&#8243; _builder_version=&#8220;4.27.5&#8243; _module_preset=&#8220;default&#8220; global_colors_info=&#8220;{}&#8220;][et_pb_text _builder_version=&#8220;4.27.5&#8243; _module_preset=&#8220;default&#8220; global_colors_info=&#8220;{}&#8220;]<\/p>\n<h1 style=\"text-align: center;\">Whitecell Power<\/h1>\n<p>[\/et_pb_text][\/et_pb_column][\/et_pb_row][et_pb_row column_structure=&#8220;1_2,1_2&#8243; use_custom_gutter=&#8220;on&#8220; gutter_width=&#8220;2&#8243; custom_padding_last_edited=&#8220;on|tablet&#8220; _builder_version=&#8220;4.27.5&#8243; _module_preset=&#8220;default&#8220; background_color=&#8220;#bdd0de&#8220; custom_margin_tablet=&#8220;0px||||false|false&#8220; custom_margin_phone=&#8220;0px||||false|false&#8220; custom_margin_last_edited=&#8220;on|tablet&#8220; custom_padding=&#8220;|30px||30px|false|true&#8220; custom_padding_tablet=&#8220;0px||||false|true&#8220; custom_padding_phone=&#8220;0px||||false|true&#8220; border_width_right=&#8220;4px&#8220; border_color_right=&#8220;#bea675&#8243; border_width_left=&#8220;4px&#8220; border_color_left=&#8220;#bea675&#8243; global_colors_info=&#8220;{}&#8220;][et_pb_column type=&#8220;1_2&#8243; _builder_version=&#8220;4.27.5&#8243; _module_preset=&#8220;default&#8220; global_colors_info=&#8220;{}&#8220;][et_pb_text _builder_version=&#8220;4.27.5&#8243; _module_preset=&#8220;default&#8220; custom_margin=&#8220;60px||||false|false&#8220; custom_margin_tablet=&#8220;60px||20px||false|false&#8220; custom_margin_phone=&#8220;60px||20px||false|false&#8220; custom_margin_last_edited=&#8220;on|tablet&#8220; global_colors_info=&#8220;{}&#8220;]<\/p>\n<p><strong>Whitecell Power<\/strong> vereint spezialisierte Unternehmen unter einem Dach \u2013 mit einer klaren Vision: Saubere Energie \u00fcberall dort<br \/>bereitzustellen, wo sie gebraucht wird. Ein Hauptziel ist, gr\u00fcne Methanol-Brennstoffzellentechnologie zu verbreiten und praktisch nutzbar zu machen. Die Technologien nutzen gr\u00fcnes Methanol als sicheren, skalierbaren Energietr\u00e4ger und erm\u00f6glichen damit CO\u2082-neutrale L\u00f6sungen f\u00fcr Mobilit\u00e4t, Industrie, Infrastruktur und Events. Durch die Kombination von 3D-gedruckten Brennstoffzellenkomponenten, skalierbarer Produktion und flexiblen Produktangeboten werdenz.B. die typischen Nachteile des Elektroantriebs \u00fcberwunden, insbesondere f\u00fcr schwere Fahrzeuge oder den Einsatz abseits des Stromnetzes.<\/p>\n<p>[\/et_pb_text][\/et_pb_column][et_pb_column type=&#8220;1_2&#8243; _builder_version=&#8220;4.27.5&#8243; _module_preset=&#8220;default&#8220; global_colors_info=&#8220;{}&#8220;][et_pb_image src=&#8220;https:\/\/sha-messe.com\/wp-content\/uploads\/2026\/01\/alfa-aktiv-30-x-20-ml-biosna.psd-2-scaled.png&#8220; title_text=&#8220;alfa-aktiv-30-x-20-ml-biosna.psd (2)&#8220; _builder_version=&#8220;4.27.5&#8243; _module_preset=&#8220;default&#8220; global_colors_info=&#8220;{}&#8220;][\/et_pb_image][\/et_pb_column][\/et_pb_row][et_pb_row column_structure=&#8220;1_4,1_2,1_4&#8243; custom_padding_last_edited=&#8220;on|tablet&#8220; _builder_version=&#8220;4.27.5&#8243; _module_preset=&#8220;default&#8220; background_color=&#8220;#bdd0de&#8220; custom_margin=&#8220;|auto|-5px|auto||&#8220; custom_margin_tablet=&#8220;0px||||false|false&#8220; custom_margin_phone=&#8220;0px||||false|false&#8220; custom_margin_last_edited=&#8220;on|tablet&#8220; custom_padding=&#8220;|30px||30px|false|true&#8220; custom_padding_tablet=&#8220;0px||0px||false|true&#8220; custom_padding_phone=&#8220;0px||0px||false|true&#8220; border_width_right=&#8220;4px&#8220; border_color_right=&#8220;#bea675&#8243; border_width_left=&#8220;4px&#8220; border_color_left=&#8220;#bea675&#8243; global_colors_info=&#8220;{}&#8220;][et_pb_column type=&#8220;1_4&#8243; _builder_version=&#8220;4.27.5&#8243; _module_preset=&#8220;default&#8220; global_colors_info=&#8220;{}&#8220;][\/et_pb_column][et_pb_column type=&#8220;1_2&#8243; _builder_version=&#8220;4.27.5&#8243; _module_preset=&#8220;default&#8220; global_colors_info=&#8220;{}&#8220;][et_pb_image src=&#8220;https:\/\/sha-messe.com\/wp-content\/uploads\/2026\/01\/WhitecellPower-scaled.png&#8220; title_text=&#8220;WhitecellPower&#8220; _builder_version=&#8220;4.27.5&#8243; _module_preset=&#8220;default&#8220; global_colors_info=&#8220;{}&#8220;][\/et_pb_image][\/et_pb_column][et_pb_column type=&#8220;1_4&#8243; _builder_version=&#8220;4.27.5&#8243; _module_preset=&#8220;default&#8220; global_colors_info=&#8220;{}&#8220;][\/et_pb_column][\/et_pb_row][et_pb_row column_structure=&#8220;1_2,1_2&#8243; use_custom_gutter=&#8220;on&#8220; gutter_width=&#8220;2&#8243; _builder_version=&#8220;4.27.5&#8243; _module_preset=&#8220;default&#8220; background_color=&#8220;#bdd0de&#8220; custom_padding=&#8220;|30px||30px|false|true&#8220; border_width_right=&#8220;4px&#8220; border_color_right=&#8220;#bea675&#8243; border_width_bottom=&#8220;4px&#8220; border_color_bottom=&#8220;#bea675&#8243; border_width_left=&#8220;4px&#8220; border_color_left=&#8220;#bea675&#8243; global_colors_info=&#8220;{}&#8220;][et_pb_column type=&#8220;1_2&#8243; _builder_version=&#8220;4.27.5&#8243; _module_preset=&#8220;default&#8220; global_colors_info=&#8220;{}&#8220;][et_pb_image src=&#8220;https:\/\/sha-messe.com\/wp-content\/uploads\/2026\/01\/IMG_7811.webp&#8220; title_text=&#8220;IMG_7811&#8243; _builder_version=&#8220;4.27.5&#8243; _module_preset=&#8220;default&#8220; global_colors_info=&#8220;{}&#8220;][\/et_pb_image][\/et_pb_column][et_pb_column type=&#8220;1_2&#8243; _builder_version=&#8220;4.27.5&#8243; _module_preset=&#8220;default&#8220; global_colors_info=&#8220;{}&#8220;][et_pb_text _builder_version=&#8220;4.27.5&#8243; _module_preset=&#8220;default&#8220; custom_margin=&#8220;30px||||false|false&#8220; global_colors_info=&#8220;{}&#8220;]<\/p>\n<p><strong>Zuverl\u00e4sige netzunabh\u00e4ngige Energie durch e-Methanol- Brennstoffzellentechnologie<\/strong><\/p>\n<p>[\/et_pb_text][et_pb_text _builder_version=&#8220;4.27.5&#8243; _module_preset=&#8220;default&#8220; global_colors_info=&#8220;{}&#8220;]<\/p>\n<p>Whitecell Power bietet methanolbetriebene Brennstoffzellen-Generatoren und Notstromsysteme, die die Vorteile klassischer Dieselaggregate bieten, jedoch leise, sauber und CO\u2082-neutral arbeiten \u2013 ohne L\u00e4rm, Abgase oder Vibrationen.<\/p>\n<p>[\/et_pb_text][et_pb_text _builder_version=&#8220;4.27.5&#8243; _module_preset=&#8220;default&#8220; global_colors_info=&#8220;{}&#8220;]<\/p>\n<p>Zus\u00e4tzlich entwickelt die Gruppe Methanol-Range- Extender f\u00fcr elektrische Nutzfahrzeuge, die Reichweite erh\u00f6hen, schnelles Betanken erm\u00f6glichen und Emissionen senken. Dadurch wird die Effizienz des Elektroantriebs mit einem klimaneutralen Kraftstoff kombiniert. Mit einer breiten Einf\u00fchrung k\u00f6nnen Whitecell- Power-L\u00f6sungen die CO\u2082- und Emissionsreduktion in schwer elektrifizierbaren Sektoren erheblich vorantreiben \u2013 etwa im Fernverkehr, bei netzunabh\u00e4ngiger Energieversorgung oder in der Logistik.<\/p>\n<p>[\/et_pb_text][\/et_pb_column][\/et_pb_row][\/et_pb_section]<\/p>\n","protected":false},"excerpt":{"rendered":"<p>Whitecell PowerWhitecell Power vereint spezialisierte Unternehmen unter einem Dach \u2013 mit einer klaren Vision: Saubere Energie \u00fcberall dortbereitzustellen, wo sie gebraucht wird. Ein Hauptziel ist, gr\u00fcne Methanol-Brennstoffzellentechnologie zu verbreiten und praktisch nutzbar zu machen. Die Technologien nutzen gr\u00fcnes Methanol als sicheren, skalierbaren Energietr\u00e4ger und erm\u00f6glichen damit CO\u2082-neutrale L\u00f6sungen f\u00fcr Mobilit\u00e4t, Industrie, Infrastruktur und Events. Durch [&hellip;]<\/p>\n","protected":false},"author":1,"featured_media":0,"parent":0,"menu_order":0,"comment_status":"closed","ping_status":"closed","template":"","meta":{"_acf_changed":false,"_et_pb_use_builder":"on","_et_pb_old_content":"","_et_gb_content_width":"","footnotes":""},"class_list":["post-118","page","type-page","status-publish","hentry"],"acf":[],"_links":{"self":[{"href":"https:\/\/sha-messe.com\/en\/wp-json\/wp\/v2\/pages\/118","targetHints":{"allow":["GET"]}}],"collection":[{"href":"https:\/\/sha-messe.com\/en\/wp-json\/wp\/v2\/pages"}],"about":[{"href":"https:\/\/sha-messe.com\/en\/wp-json\/wp\/v2\/types\/page"}],"author":[{"embeddable":true,"href":"https:\/\/sha-messe.com\/en\/wp-json\/wp\/v2\/users\/1"}],"replies":[{"embeddable":true,"href":"https:\/\/sha-messe.com\/en\/wp-json\/wp\/v2\/comments?post=118"}],"version-history":[{"count":5,"href":"https:\/\/sha-messe.com\/en\/wp-json\/wp\/v2\/pages\/118\/revisions"}],"predecessor-version":[{"id":199,"href":"https:\/\/sha-messe.com\/en\/wp-json\/wp\/v2\/pages\/118\/revisions\/199"}],"wp:attachment":[{"href":"https:\/\/sha-messe.com\/en\/wp-json\/wp\/v2\/media?parent=118"}],"curies":[{"name":"wp","href":"https:\/\/api.w.org\/{rel}","templated":true}]}}