{"id":126,"date":"2026-01-10T09:02:48","date_gmt":"2026-01-10T09:02:48","guid":{"rendered":"https:\/\/sha-messe.com\/?page_id=126"},"modified":"2026-01-10T11:21:47","modified_gmt":"2026-01-10T11:21:47","slug":"neue-aera-der-globalen-gesundheit","status":"publish","type":"page","link":"https:\/\/sha-messe.com\/en\/neue-aera-der-globalen-gesundheit\/","title":{"rendered":"New era of global health"},"content":{"rendered":"<p>[et_pb_section fb_built=&#8220;1&#8243; _builder_version=&#8220;4.27.5&#8243; _module_preset=&#8220;default&#8220; custom_margin=&#8220;0px||0px||false|false&#8220; custom_padding=&#8220;0px||5px||false|false&#8220; global_colors_info=&#8220;{}&#8220;][et_pb_row custom_padding_last_edited=&#8220;on|tablet&#8220; _builder_version=&#8220;4.27.5&#8243; _module_preset=&#8220;default&#8220; background_color=&#8220;#bdd0de&#8220; custom_margin=&#8220;|||||true&#8220; custom_margin_tablet=&#8220;||0px||false|true&#8220; custom_margin_phone=&#8220;||0px||false|true&#8220; custom_margin_last_edited=&#8220;on|tablet&#8220; custom_padding=&#8220;|30px||30px|false|true&#8220; custom_padding_tablet=&#8220;||0px||false|true&#8220; custom_padding_phone=&#8220;||0px||false|true&#8220; border_width_top=&#8220;4px&#8220; border_color_top=&#8220;#bea675&#8243; border_width_right=&#8220;4px&#8220; border_color_right=&#8220;#bea675&#8243; border_width_left=&#8220;4px&#8220; border_color_left=&#8220;#bea675&#8243; global_colors_info=&#8220;{}&#8220;][et_pb_column type=&#8220;4_4&#8243; _builder_version=&#8220;4.27.5&#8243; _module_preset=&#8220;default&#8220; global_colors_info=&#8220;{}&#8220;][et_pb_text _builder_version=&#8220;4.27.5&#8243; _module_preset=&#8220;default&#8220; global_colors_info=&#8220;{}&#8220;]<\/p>\n<h1 style=\"text-align: center;\">The Spirit of Swiss-Health Alliance<\/h1>\n<p>[\/et_pb_text][\/et_pb_column][\/et_pb_row][et_pb_row column_structure=&#8220;3_5,2_5&#8243; use_custom_gutter=&#8220;on&#8220; gutter_width=&#8220;2&#8243; custom_padding_last_edited=&#8220;on|tablet&#8220; _builder_version=&#8220;4.27.5&#8243; _module_preset=&#8220;default&#8220; background_color=&#8220;#bdd0de&#8220; custom_margin_tablet=&#8220;0px||0px||true|false&#8220; custom_margin_phone=&#8220;0px||0px||true|false&#8220; custom_margin_last_edited=&#8220;on|tablet&#8220; custom_padding=&#8220;|30px||30px|false|true&#8220; custom_padding_tablet=&#8220;0px||0px||true|true&#8220; custom_padding_phone=&#8220;0px||0px||true|true&#8220; border_width_right=&#8220;4px&#8220; border_color_right=&#8220;#bea675&#8243; border_width_left=&#8220;4px&#8220; border_color_left=&#8220;#bea675&#8243; global_colors_info=&#8220;{}&#8220;][et_pb_column type=&#8220;3_5&#8243; _builder_version=&#8220;4.27.5&#8243; _module_preset=&#8220;default&#8220; global_colors_info=&#8220;{}&#8220;][et_pb_text _builder_version=&#8220;4.27.5&#8243; _module_preset=&#8220;default&#8220; custom_margin=&#8220;30px||||false|false&#8220; global_colors_info=&#8220;{}&#8220;]<\/p>\n<p>Die Swiss Health Alliance (SHA) ist eine supranationale Organisation (NGO), die unter konsularischem Schutz steht und die sich als Dachorganisation f\u00fcr eine individualisierte Ganzheitsmedizin versteht. Dabei bezieht sie das Potenzial der Traditionellen Internationalen Medizin (TIM)ein und f\u00f6rdert komplement\u00e4r wie spezifiziert die konventionelle Schulmedizin.<\/p>\n<p><strong>Ziel der SHA ist es, das Bewusstsein zu st\u00e4rken, dass Gesundheit das nat\u00fcrliche Recht jedes souver\u00e4nen Menschen ist, das er in einem gesunden, erf\u00fcllten Leben erfahren sollte. <\/strong><\/p>\n<p>\u00dcber ihre vielf\u00e4ltigen Projekte und F\u00f6rderprogramme m\u00f6chte die SHA ein neues Verst\u00e4ndnis f\u00fcr eine zukunftsorientierte Gesundheit schaffen und die Bedeutung von Pr\u00e4vention und ganzheitlichen Ans\u00e4tzen hervorheben. Mit der Entwicklung von Vorzeigeprojekten wie der SHA Wellness Clinic, innovativen Technologien wie der NEKO Scanner-Technologie und Methoden wie der Frequenzmedizin, der Wasserplasma-Medizin und zur Entgiftung umweltbedingter Einfl\u00fcsse, bietet die Swiss Health Alliance zukunftsweisende L\u00f6sungen an, die eine neue Gesundheitskultur im 21. Jahrhundert etablieren sollen.<\/p>\n<p>Ihr Ziel ist es, ein qualitatives, lebenswertes Gesundheitsverst\u00e4ndnis zu f\u00f6rdern und auf internationaler Ebene zu platzieren.<\/p>\n<p>[\/et_pb_text][\/et_pb_column][et_pb_column type=&#8220;2_5&#8243; _builder_version=&#8220;4.27.5&#8243; _module_preset=&#8220;default&#8220; global_colors_info=&#8220;{}&#8220;][et_pb_testimonial quote_icon=&#8220;off&#8220; _builder_version=&#8220;4.27.5&#8243; _module_preset=&#8220;default&#8220; body_font=&#8220;|700|on||||||&#8220; body_text_color=&#8220;#0883b6&#8243; body_font_size=&#8220;22px&#8220; use_background_color=&#8220;off&#8220; custom_margin=&#8220;136px||||false|false&#8220; custom_margin_tablet=&#8220;0px||||false|false&#8220; custom_margin_phone=&#8220;0px||||false|false&#8220; custom_margin_last_edited=&#8220;on|tablet&#8220; global_colors_info=&#8220;{}&#8220;]<\/p>\n<p style=\"text-align: center;\">\u00abDie Gesundheit verliert oft erst durch ihre Abwesenheit ihre Selbstverst\u00e4ndlichkeit\u00bb<\/p>\n<p>[\/et_pb_testimonial][\/et_pb_column][\/et_pb_row][et_pb_row column_structure=&#8220;1_2,1_2&#8243; use_custom_gutter=&#8220;on&#8220; gutter_width=&#8220;2&#8243; _builder_version=&#8220;4.27.5&#8243; _module_preset=&#8220;default&#8220; background_color=&#8220;#bdd0de&#8220; custom_padding=&#8220;|30px|3px|30px|false|true&#8220; border_width_right=&#8220;4px&#8220; border_color_right=&#8220;#bea675&#8243; border_color_bottom=&#8220;#bea675&#8243; border_width_left=&#8220;4px&#8220; border_color_left=&#8220;#bea675&#8243; global_colors_info=&#8220;{}&#8220;][et_pb_column type=&#8220;1_2&#8243; _builder_version=&#8220;4.27.5&#8243; _module_preset=&#8220;default&#8220; global_colors_info=&#8220;{}&#8220;][et_pb_image src=&#8220;https:\/\/sha-messe.com\/wp-content\/uploads\/2026\/01\/Bild-2.jpg&#8220; title_text=&#8220;Bild 2&#8243; disabled_on=&#8220;on|on|off&#8220; _builder_version=&#8220;4.27.5&#8243; _module_preset=&#8220;default&#8220; min_height=&#8220;264.9px&#8220; custom_margin=&#8220;||||false|false&#8220; global_colors_info=&#8220;{}&#8220;][\/et_pb_image][et_pb_testimonial quote_icon=&#8220;off&#8220; disabled_on=&#8220;on|on|off&#8220; _builder_version=&#8220;4.27.5&#8243; _module_preset=&#8220;default&#8220; body_font=&#8220;|700|on||||||&#8220; body_text_color=&#8220;#0883b6&#8243; body_font_size=&#8220;22px&#8220; background_enable_color=&#8220;off&#8220; use_background_color=&#8220;off&#8220; custom_margin=&#8220;36px||||false|false&#8220; custom_margin_tablet=&#8220;0px||||false|false&#8220; custom_margin_phone=&#8220;0px||||false|false&#8220; custom_margin_last_edited=&#8220;on|tablet&#8220; global_colors_info=&#8220;{}&#8220;]<\/p>\n<p style=\"text-align: center;\">\u00abEs sind die Werte, die das Bild einer Kultur pr\u00e4gen.\u00bb<\/p>\n<p>[\/et_pb_testimonial][\/et_pb_column][et_pb_column type=&#8220;1_2&#8243; _builder_version=&#8220;4.27.5&#8243; _module_preset=&#8220;default&#8220; global_colors_info=&#8220;{}&#8220;][et_pb_text _builder_version=&#8220;4.27.5&#8243; _module_preset=&#8220;default&#8220; custom_margin=&#8220;||||false|false&#8220; global_colors_info=&#8220;{}&#8220;]<\/p>\n<p><strong>Tauchen Sie ein in die Welt der Swiss Health Alliance.<\/strong><\/p>\n<p>[\/et_pb_text][et_pb_text _builder_version=&#8220;4.27.5&#8243; _module_preset=&#8220;default&#8220; global_colors_info=&#8220;{}&#8220;]<\/p>\n<p>Werden Sie Teil unserer Gemeinschaft und unserer ganzheitlichen Wertevision, mit den Wurzeln in unseren Traditionen, in unserer Geschichte und in unserer naturverbundenen Identit\u00e4t.<\/p>\n<p>F\u00fcr uns beginnt Gesundheit bei der Ankunft in eine gesunde Familienstruktur, die in einer gesunden Gemeinschaft von verschiedenen Generationen aufgehoben ist.<\/p>\n<p>So wird es m\u00f6glich, dass wir mit nat\u00fcrlichen Lebensgrundlagen wachsen und dabei unsere Talente und Gaben entdecken und f\u00f6rdern. Das ist f\u00fcr uns Menschlichkeit.<\/p>\n<p>Es sind die Werte, die das Bild einer Kultur pr\u00e4gen und die uns erkennen lassen, wer und was in einer Gesellschaft wertgesch\u00e4tzt wird. Sie definieren den Ma\u00dfstab f\u00fcr Entscheidungen und das Handeln von Menschen.<\/p>\n<p>Sie lassen uns erkennen, welche Eigenschaften Personen und Organisationen aufweisen und wonach diese ihr Handeln ausrichten sollten. Daraus ergeben sich in Folge die Grundlagen des Wertemanagements einer Gesellschaft und der Kultur eines Kollektivs.<\/p>\n<p>[\/et_pb_text][\/et_pb_column][\/et_pb_row][et_pb_row column_structure=&#8220;3_5,2_5&#8243; use_custom_gutter=&#8220;on&#8220; gutter_width=&#8220;2&#8243; custom_padding_last_edited=&#8220;on|tablet&#8220; _builder_version=&#8220;4.27.5&#8243; _module_preset=&#8220;default&#8220; background_color=&#8220;#bdd0de&#8220; custom_margin_tablet=&#8220;||0px||false|false&#8220; custom_margin_phone=&#8220;||0px||false|false&#8220; custom_margin_last_edited=&#8220;on|tablet&#8220; custom_padding=&#8220;3px|30px||30px|false|true&#8220; custom_padding_tablet=&#8220;||0px||false|true&#8220; custom_padding_phone=&#8220;||0px||false|true&#8220; hover_enabled=&#8220;0&#8243; border_width_right=&#8220;4px&#8220; border_color_right=&#8220;#bea675&#8243; border_color_bottom=&#8220;RGBA(255,255,255,0)&#8220; border_width_left=&#8220;4px&#8220; border_color_left=&#8220;#bea675&#8243; global_colors_info=&#8220;{}&#8220; sticky_enabled=&#8220;0&#8243;][et_pb_column type=&#8220;3_5&#8243; _builder_version=&#8220;4.27.5&#8243; _module_preset=&#8220;default&#8220; global_colors_info=&#8220;{}&#8220;][et_pb_text _builder_version=&#8220;4.27.5&#8243; _module_preset=&#8220;default&#8220; custom_margin=&#8220;30px||||false|false&#8220; global_colors_info=&#8220;{}&#8220;]<\/p>\n<p>Die geteilten Werte und Wertehaltungen machen den Klebstoff einer Gemeinschaft aus. Daraus l\u00e4sst sich die Kultur einer Gesellschaft erkennen und das geistige Kapital zum Ausdruck bringen. Werte sind Ideen, Orientierungen und Verhaltensweisen, zu welchen sich Menschen in einem Kollektiv bekennen, und die sie f\u00fcr bedeutend, gut und somit erstrebenswert halten.<\/p>\n<p>Ver\u00e4ndern k\u00f6nnen wir uns und die Welt, wenn wir erkennen, dass wir mit allem verbunden sind und unser Handeln einen Einfluss auf alles hat. So entstehen neue Sichtweisen und unser Bezug zum Leben ver\u00e4ndert sich komplett. Wir kommen in Beziehung und erleben uns als Teil der Sch\u00f6pfung und der Menschheitsfamilie. Das schafft den N\u00e4hrboden f\u00fcr Innovation und einen verantwortungsvollem Umgang mit unserem Lebensraum und den uns anvertrauten Menschen.<\/p>\n<p>Durch starke Partnerschaften und einen ganzheitlichen Ansatz stellen wir unseren Mitgliedern einen exklusiven Zugang zu Projekten, Wissen, Produkten und Angeboten zur Verf\u00fcgung.<\/p>\n<p>[\/et_pb_text][\/et_pb_column][et_pb_column type=&#8220;2_5&#8243; _builder_version=&#8220;4.27.5&#8243; _module_preset=&#8220;default&#8220; global_colors_info=&#8220;{}&#8220;][et_pb_testimonial author=&#8220;Wilhelm von Humboldt (1767-1835)&#8220; quote_icon=&#8220;off&#8220; _builder_version=&#8220;4.27.5&#8243; _module_preset=&#8220;default&#8220; body_font=&#8220;|700|on||||||&#8220; body_text_color=&#8220;#0883b6&#8243; body_font_size=&#8220;22px&#8220; author_text_align=&#8220;right&#8220; author_text_color=&#8220;#bea675&#8243; author_line_height=&#8220;0em&#8220; use_background_color=&#8220;off&#8220; custom_margin=&#8220;82px||||false|false&#8220; custom_margin_tablet=&#8220;20px||||false|false&#8220; custom_margin_phone=&#8220;20px||||false|false&#8220; custom_margin_last_edited=&#8220;on|tablet&#8220; custom_padding=&#8220;0px|||||&#8220; global_colors_info=&#8220;{}&#8220;]<\/p>\n<p style=\"text-align: center;\">\u00abIm Grunde sind es doch Verbindungen mit Menschen, die dem Leben seinen Wert geben.\u00bb<\/p>\n<p>[\/et_pb_testimonial][\/et_pb_column][\/et_pb_row][et_pb_row column_structure=&#8220;1_4,1_2,1_4&#8243; custom_padding_last_edited=&#8220;on|tablet&#8220; _builder_version=&#8220;4.27.5&#8243; _module_preset=&#8220;default&#8220; background_color=&#8220;#bdd0de&#8220; custom_margin=&#8220;|auto|-5px|auto||&#8220; custom_margin_tablet=&#8220;0px||||false|false&#8220; custom_margin_phone=&#8220;0px||||false|false&#8220; custom_margin_last_edited=&#8220;on|tablet&#8220; custom_padding=&#8220;|30px||30px|false|true&#8220; custom_padding_tablet=&#8220;0px||||false|true&#8220; custom_padding_phone=&#8220;0px||||false|true&#8220; hover_enabled=&#8220;0&#8243; border_width_all=&#8220;4px&#8220; border_color_all=&#8220;RGBA(255,255,255,0)&#8220; border_width_right=&#8220;4px&#8220; border_color_right=&#8220;#bea675&#8243; border_color_bottom=&#8220;#bea675&#8243; border_width_left=&#8220;4px&#8220; border_color_left=&#8220;#bea675&#8243; global_colors_info=&#8220;{}&#8220; sticky_enabled=&#8220;0&#8243;][et_pb_column type=&#8220;1_4&#8243; _builder_version=&#8220;4.27.5&#8243; _module_preset=&#8220;default&#8220; global_colors_info=&#8220;{}&#8220;][\/et_pb_column][et_pb_column type=&#8220;1_2&#8243; _builder_version=&#8220;4.27.5&#8243; _module_preset=&#8220;default&#8220; global_colors_info=&#8220;{}&#8220;][et_pb_image src=&#8220;https:\/\/sha-messe.com\/wp-content\/uploads\/2026\/01\/3-scaled.png&#8220; title_text=&#8220;3&#8243; _builder_version=&#8220;4.27.5&#8243; _module_preset=&#8220;default&#8220; width=&#8220;63%&#8220; width_tablet=&#8220;67%&#8220; width_phone=&#8220;67%&#8220; width_last_edited=&#8220;on|phone&#8220; module_alignment=&#8220;center&#8220; global_colors_info=&#8220;{}&#8220;][\/et_pb_image][\/et_pb_column][et_pb_column type=&#8220;1_4&#8243; _builder_version=&#8220;4.27.5&#8243; _module_preset=&#8220;default&#8220; global_colors_info=&#8220;{}&#8220;][\/et_pb_column][\/et_pb_row][\/et_pb_section]<\/p>\n","protected":false},"excerpt":{"rendered":"<p>The Spirit of Swiss-Health AllianceDie Swiss Health Alliance (SHA) ist eine supranationale Organisation (NGO), die unter konsularischem Schutz steht und die sich als Dachorganisation f\u00fcr eine individualisierte Ganzheitsmedizin versteht. Dabei bezieht sie das Potenzial der Traditionellen Internationalen Medizin (TIM)ein und f\u00f6rdert komplement\u00e4r wie spezifiziert die konventionelle Schulmedizin. Ziel der SHA ist es, das Bewusstsein zu [&hellip;]<\/p>\n","protected":false},"author":1,"featured_media":0,"parent":0,"menu_order":0,"comment_status":"closed","ping_status":"closed","template":"","meta":{"_acf_changed":false,"_et_pb_use_builder":"on","_et_pb_old_content":"","_et_gb_content_width":"","footnotes":""},"class_list":["post-126","page","type-page","status-publish","hentry"],"acf":[],"_links":{"self":[{"href":"https:\/\/sha-messe.com\/en\/wp-json\/wp\/v2\/pages\/126","targetHints":{"allow":["GET"]}}],"collection":[{"href":"https:\/\/sha-messe.com\/en\/wp-json\/wp\/v2\/pages"}],"about":[{"href":"https:\/\/sha-messe.com\/en\/wp-json\/wp\/v2\/types\/page"}],"author":[{"embeddable":true,"href":"https:\/\/sha-messe.com\/en\/wp-json\/wp\/v2\/users\/1"}],"replies":[{"embeddable":true,"href":"https:\/\/sha-messe.com\/en\/wp-json\/wp\/v2\/comments?post=126"}],"version-history":[{"count":9,"href":"https:\/\/sha-messe.com\/en\/wp-json\/wp\/v2\/pages\/126\/revisions"}],"predecessor-version":[{"id":220,"href":"https:\/\/sha-messe.com\/en\/wp-json\/wp\/v2\/pages\/126\/revisions\/220"}],"wp:attachment":[{"href":"https:\/\/sha-messe.com\/en\/wp-json\/wp\/v2\/media?parent=126"}],"curies":[{"name":"wp","href":"https:\/\/api.w.org\/{rel}","templated":true}]}}