{"id":148,"date":"2026-01-10T09:39:37","date_gmt":"2026-01-10T09:39:37","guid":{"rendered":"https:\/\/sha-messe.com\/?page_id=148"},"modified":"2026-01-10T10:44:38","modified_gmt":"2026-01-10T10:44:38","slug":"impressum","status":"publish","type":"page","link":"https:\/\/sha-messe.com\/en\/impressum\/","title":{"rendered":"Imprint"},"content":{"rendered":"<p>[et_pb_section fb_built=&#8220;1&#8243; _builder_version=&#8220;4.27.5&#8243; _module_preset=&#8220;default&#8220; global_colors_info=&#8220;{}&#8220;][et_pb_row _builder_version=&#8220;4.27.5&#8243; _module_preset=&#8220;default&#8220; custom_padding=&#8220;30px|30px|30px|30px|true|true&#8220; border_width_all=&#8220;4px&#8220; border_color_all=&#8220;#bea675&#8243; global_colors_info=&#8220;{}&#8220;][et_pb_column type=&#8220;4_4&#8243; _builder_version=&#8220;4.27.5&#8243; _module_preset=&#8220;default&#8220; global_colors_info=&#8220;{}&#8220;][et_pb_text _builder_version=&#8220;4.27.5&#8243; _module_preset=&#8220;default&#8220; custom_padding=&#8220;||32px|||&#8220; global_colors_info=&#8220;{}&#8220;]<\/p>\n<h1>Impressum<\/h1>\n<p>[\/et_pb_text][et_pb_text _builder_version=&#8220;4.27.5&#8243; _module_preset=&#8220;default&#8220; text_text_color=&#8220;#ffffff&#8220; global_colors_info=&#8220;{}&#8220;]<\/p>\n<h4><strong>Verantwortlichkei<\/strong>t<strong><span>\u00a0<\/span>f\u00fcr die Datenverarbeitung:<\/strong><\/h4>\n<p>F\u00fcr die Datenverarbeitung auf unseren Websites verantwortlich ist:<br \/>\u00a9 Copyright | Swiss-Health Alliance (SHA)<br \/>Im nachfolgenden Swiss-Helth Alliance (SHA) Schweiz genannt.<\/p>\n<h4><strong>Kontakt-Adresse:<\/strong><\/h4>\n<p><strong>Schweizer Sektion<\/strong><br \/>Verein Swiss-Health Alliance (SHA)<br \/>Schwertgasse 8,<br \/>5330 Bad Zurzach<br \/>Kontakt:<span>\u00a0<\/span><a href=\"mailto:rdp@sha-ngo.com\">welcome@sha-ngo.com<\/a><\/p>\n<h4><strong>Vertretungsberechtigte Person(en):<\/strong><\/h4>\n<p><span><strong>Handelsregister-Eintrag:<\/strong><br \/><\/span>Eingetragener Firmenname: Verein Swiss-Health Alliance (SHA)<br \/><strong>CHE-461.609.422<\/strong><\/p>\n<h4><strong>Eingetragener Text:<\/strong><\/h4>\n<p><span>Die SHA als Nicht-Regierungsorganisation (NGO) ist ein Verein mit der Mission f\u00fcr nachhaltige Entwicklung, um eine weltweite universelle Gesundheitsversorgung zu f\u00f6rdern. Sie unterst\u00fctzt und begleitet Projekte der Naturheilheilverfahren im Kontext der alten und neuen Medizin. Der Verein h\u00e4lt sich als Mitglied der Sondermissionen im Austausch Liechtenstein \/ Schweiz an das \u00dcbereinkommen \u00fcber Sondermissionen. Der Verein unterstellt sich als Sondermission vollumf\u00e4nglich den Regeln, die mit der Liechtensteinischen Ratifikationsurkunde zum \u00dcbereinkommen \u00fcber Sondermissionen, abgeschlossen in New York am 8. Dezember 1969, vom Hohen Landtag des F\u00fcrstentums Liechtenstein genehmigt am 20. April 1977, in Kraft getreten f\u00fcr Liechtenstein am 21. Juni 1985, festgelegt worden sind und ist im Bereich \u00abBotschaften und Konsulate\u00bb t\u00e4tig und aktiv. Die SHA unterliegt der Pariser Verbands\u00fcbereinkunft zum Schutz des gewerblichen Eigentums (PV\u00dc) vom 20. M\u00e4rz 1883 in der ge\u00e4nderten Fassung vom 28. September 1979. Der Verein arbeitet an der F\u00f6rderung einer wirtschaftlichen Entwicklung und der sozialen Gerechtigkeit. Er postuliert die Verfestigung und Einhaltung von\u00a0<em>Naturrecht<\/em>\u00a0und der Gleichwertigkeit der Menschen. Der Verein unterst\u00fctzt die Einhaltung der Menschenrechte, insbesondere der UN-Resolution 53\/144 (\u00abErkl\u00e4rung \u00fcber das Recht und die Verpflichtung von Einzelpersonen, Gruppen und Organen der Gesellschaft, die allgemein anerkannten Menschenrechte und Grundfreiheiten zu f\u00f6rdern und zu sch\u00fctzen\u00bb). Die SHA unterst\u00fctzt Medienprojekte f\u00fcr einen unabh\u00e4ngigen Journalismus gegen Machtmissbrauch und Korruption, um \u00f6ffentliche Debatten und kritisches Denken in der Gesellschaft zuzulassen. Zur Erreichung des Vereinszweckes kann der Verein ausserdem sein Vereinsverm\u00f6gen verwalten und anlegen und im Rahmen der Anlage und Verwaltung seines Verm\u00f6gens Rechts- und Finanzgesch\u00e4fte aller Art t\u00e4tigen, insbesondere bewegliches und unbewegliches Verm\u00f6gen jeder Art erwerben oder ver\u00e4ussern.<\/span><\/p>\n<p><strong>Haftungsausschluss f\u00fcr Links:<\/strong><\/p>\n<p>Verweise und Links auf Webseiten Dritter liegen ausserhalb unseres Verantwortungsbereichs. Es wird jegliche Verantwortung f\u00fcr solche Webseiten abgelehnt. Der Zugriff und die Nutzung solcher Webseiten erfolgen auf eigene Gefahr des jeweiligen Nutzers.<\/p>\n<p><strong>Urheberrechte:<\/strong><\/p>\n<p>Die Urheber- und alle anderen Rechte an Inhalten, Bildern, Fotos oder anderen Dateien auf dieser Website, geh\u00f6ren ausschliesslich dem Verein Swiss-Health Alliance (SHA) oder den speziell genannten Rechteinhabern. F\u00fcr die Reproduktion jeglicher Elemente ist die schriftliche Zustimmung des Urheberrechtstr\u00e4gers im Voraus einzuholen.<\/p>\n<p><strong>Quelle:<\/strong><span>\u00a0<\/span>SwissAnwalt<\/p>\n<p>[\/et_pb_text][\/et_pb_column][\/et_pb_row][\/et_pb_section]<\/p>\n","protected":false},"excerpt":{"rendered":"<p>ImpressumVerantwortlichkeit\u00a0f\u00fcr die Datenverarbeitung: F\u00fcr die Datenverarbeitung auf unseren Websites verantwortlich ist:\u00a9 Copyright | Swiss-Health Alliance (SHA)Im nachfolgenden Swiss-Helth Alliance (SHA) Schweiz genannt. Kontakt-Adresse: Schweizer SektionVerein Swiss-Health Alliance (SHA)Schwertgasse 8,5330 Bad ZurzachKontakt:\u00a0welcome@sha-ngo.com Vertretungsberechtigte Person(en): Handelsregister-Eintrag:Eingetragener Firmenname: Verein Swiss-Health Alliance (SHA)CHE-461.609.422 Eingetragener Text: Die SHA als Nicht-Regierungsorganisation (NGO) ist ein Verein mit der Mission f\u00fcr nachhaltige Entwicklung, [&hellip;]<\/p>\n","protected":false},"author":1,"featured_media":0,"parent":0,"menu_order":0,"comment_status":"closed","ping_status":"closed","template":"","meta":{"_acf_changed":false,"_et_pb_use_builder":"on","_et_pb_old_content":"","_et_gb_content_width":"","footnotes":""},"class_list":["post-148","page","type-page","status-publish","hentry"],"acf":[],"_links":{"self":[{"href":"https:\/\/sha-messe.com\/en\/wp-json\/wp\/v2\/pages\/148","targetHints":{"allow":["GET"]}}],"collection":[{"href":"https:\/\/sha-messe.com\/en\/wp-json\/wp\/v2\/pages"}],"about":[{"href":"https:\/\/sha-messe.com\/en\/wp-json\/wp\/v2\/types\/page"}],"author":[{"embeddable":true,"href":"https:\/\/sha-messe.com\/en\/wp-json\/wp\/v2\/users\/1"}],"replies":[{"embeddable":true,"href":"https:\/\/sha-messe.com\/en\/wp-json\/wp\/v2\/comments?post=148"}],"version-history":[{"count":4,"href":"https:\/\/sha-messe.com\/en\/wp-json\/wp\/v2\/pages\/148\/revisions"}],"predecessor-version":[{"id":184,"href":"https:\/\/sha-messe.com\/en\/wp-json\/wp\/v2\/pages\/148\/revisions\/184"}],"wp:attachment":[{"href":"https:\/\/sha-messe.com\/en\/wp-json\/wp\/v2\/media?parent=148"}],"curies":[{"name":"wp","href":"https:\/\/api.w.org\/{rel}","templated":true}]}}