{"id":150,"date":"2026-01-10T09:40:04","date_gmt":"2026-01-10T09:40:04","guid":{"rendered":"https:\/\/sha-messe.com\/?page_id=150"},"modified":"2026-01-12T18:14:07","modified_gmt":"2026-01-12T18:14:07","slug":"kontakt","status":"publish","type":"page","link":"https:\/\/sha-messe.com\/en\/kontakt\/","title":{"rendered":"Contact us"},"content":{"rendered":"<p>[et_pb_section fb_built=&#8220;1&#8243; admin_label=&#8220;section&#8220; _builder_version=&#8220;4.27.5&#8243; custom_margin=&#8220;0px||0px||true|false&#8220; custom_padding=&#8220;0px||0px||true|false&#8220; global_colors_info=&#8220;{}&#8220;][et_pb_row _builder_version=&#8220;4.27.5&#8243; _module_preset=&#8220;default&#8220; border_width_top=&#8220;4px&#8220; border_color_top=&#8220;#bea675&#8243; border_width_right=&#8220;4px&#8220; border_color_right=&#8220;#bea675&#8243; border_width_left=&#8220;4px&#8220; border_color_left=&#8220;#bea675&#8243; global_colors_info=&#8220;{}&#8220;][et_pb_column type=&#8220;4_4&#8243; _builder_version=&#8220;4.27.5&#8243; _module_preset=&#8220;default&#8220; global_colors_info=&#8220;{}&#8220;][et_pb_text _builder_version=&#8220;4.27.5&#8243; _module_preset=&#8220;default&#8220; global_colors_info=&#8220;{}&#8220;]<\/p>\n<h1 style=\"text-align: center;\">Unsere Mission verbindet<\/h1>\n<p>[\/et_pb_text][et_pb_text _builder_version=&#8220;4.27.5&#8243; _module_preset=&#8220;default&#8220; text_text_color=&#8220;#FFFFFF&#8220; custom_margin=&#8220;||||false|false&#8220; custom_padding=&#8220;38px|30px||30px|false|true&#8220; global_colors_info=&#8220;{}&#8220;]<\/p>\n<h3 data-start=\"445\" data-end=\"487\">Swiss Health Alliance \u2013 Messe &amp; Events<\/h3>\n<p data-start=\"489\" data-end=\"815\">Die <strong data-start=\"493\" data-end=\"524\">Swiss Health Alliance (SHA)<\/strong> steht f\u00fcr Innovation, Transformation, Autarkie und Pr\u00e4vention.<br data-start=\"587\" data-end=\"590\" \/>Als international t\u00e4tige, bei der UNO akkreditierte NGO mit Sitz in der Schweiz und Liechtenstein engagieren wir uns f\u00fcr zukunftsorientierte Gesundheitsl\u00f6sungen, nachhaltige Technologien und ganzheitliche Entwicklungsans\u00e4tze.<\/p>\n<p data-start=\"817\" data-end=\"1074\">Im Rahmen unserer <strong data-start=\"835\" data-end=\"857\">SHA Messeplattform<\/strong> bringen wir vision\u00e4re Projekte, Technologiepartner, Investoren und Entscheidungstr\u00e4ger zusammen.<\/p>\n<p data-start=\"817\" data-end=\"1074\"><strong>Download:<\/strong><\/p>\n<p data-start=\"817\" data-end=\"1074\"><strong><a href=\"https:\/\/sha-messe.com\/wp-content\/uploads\/2026\/01\/SHA-Praesentation_-Vorstellung_Invest_-01.2026_final_englisch.pdf-2.pdf\" target=\"_blank\" rel=\"noopener\">Investition in die Zukunft der globalen Gesundheit-Englisch<\/a><br \/><a href=\"https:\/\/sha-messe.com\/wp-content\/uploads\/2026\/01\/SHA-Praesentation_-Vorstellung_Invest_-01.2026-final.pdf\" target=\"_blank\" rel=\"noopener\">Investition in die Zukunft der globalen Gesundheit-Deutsch<\/a><br \/><\/strong><strong><\/strong><\/p>\n<p>[\/et_pb_text][\/et_pb_column][\/et_pb_row][et_pb_row column_structure=&#8220;2_5,3_5&#8243; use_custom_gutter=&#8220;on&#8220; gutter_width=&#8220;2&#8243; custom_padding_last_edited=&#8220;on|tablet&#8220; admin_label=&#8220;row&#8220; _builder_version=&#8220;4.27.5&#8243; background_size=&#8220;initial&#8220; background_position=&#8220;top_left&#8220; background_repeat=&#8220;repeat&#8220; custom_margin_tablet=&#8220;0px||||false|false&#8220; custom_margin_phone=&#8220;0px||||false|false&#8220; custom_margin_last_edited=&#8220;on|tablet&#8220; custom_padding=&#8220;|30px||30px|false|true&#8220; custom_padding_tablet=&#8220;0px||||false|true&#8220; custom_padding_phone=&#8220;0px||||false|true&#8220; border_width_right=&#8220;4px&#8220; border_color_right=&#8220;#bea675&#8243; border_width_bottom=&#8220;4px&#8220; border_color_bottom=&#8220;#bea675&#8243; border_width_left=&#8220;4px&#8220; border_color_left=&#8220;#bea675&#8243; global_colors_info=&#8220;{}&#8220;][et_pb_column type=&#8220;2_5&#8243; _builder_version=&#8220;4.16&#8243; custom_padding=&#8220;|||&#8220; global_colors_info=&#8220;{}&#8220; custom_padding__hover=&#8220;|||&#8220;][et_pb_text _builder_version=&#8220;4.27.5&#8243; _module_preset=&#8220;default&#8220; text_text_color=&#8220;#FFFFFF&#8220; global_colors_info=&#8220;{}&#8220;]<\/p>\n<p>Nutzen Sie das Kontaktformular oder schreiben Sie uns direkt.<br data-start=\"1870\" data-end=\"1873\" \/>Unser Team meldet sich zeitnah bei Ihnen und begleitet Ihr Anliegen pers\u00f6nlich und diskret.<\/p>\n<p>[\/et_pb_text][et_pb_text _builder_version=&#8220;4.27.5&#8243; _module_preset=&#8220;default&#8220; text_text_color=&#8220;#FFFFFF&#8220; min_height=&#8220;72.6px&#8220; custom_margin_tablet=&#8220;&#8220; custom_margin_phone=&#8220;&#8220; custom_margin_last_edited=&#8220;on|tablet&#8220; custom_padding=&#8220;36px|||||&#8220; custom_padding_tablet=&#8220;20px||20px||false|false&#8220; custom_padding_phone=&#8220;20px||20px||false|false&#8220; custom_padding_last_edited=&#8220;on|tablet&#8220; hover_enabled=&#8220;0&#8243; global_colors_info=&#8220;{}&#8220; sticky_enabled=&#8220;0&#8243;]<\/p>\n<p><strong>Verein Swiss-Health Alliance (SHA)<\/strong><br \/>Schwertgasse 10,<br \/>5330 Bad Zurzach<\/p>\n<p>Kontakt:<span> <a href=\"mailto:messe@sha-ngo.com\">messe@sha-ngo.com<\/a><\/span><span><\/span><\/p>\n<p>[\/et_pb_text][\/et_pb_column][et_pb_column type=&#8220;3_5&#8243; _builder_version=&#8220;4.16&#8243; custom_padding=&#8220;|||&#8220; global_colors_info=&#8220;{}&#8220; custom_padding__hover=&#8220;|||&#8220;][et_pb_contact_form _builder_version=&#8220;4.27.5&#8243; _module_preset=&#8220;default&#8220; _unique_id=&#8220;ea0ae38a-5eb1-4864-b72d-34f019ce6310&#8243; form_field_background_color=&#8220;#FFFFFF&#8220; form_field_text_color=&#8220;#bea675&#8243; form_field_font=&#8220;|600|||||||&#8220; custom_button=&#8220;on&#8220; button_text_size=&#8220;16px&#8220; button_text_color=&#8220;#bea675&#8243; hover_enabled=&#8220;0&#8243; global_colors_info=&#8220;{}&#8220; email=&#8220;messe@sha-ngo.com&#8220; sticky_enabled=&#8220;0&#8243;][et_pb_contact_field field_id=&#8220;Name&#8220; field_title=&#8220;Name&#8220; _builder_version=&#8220;4.16&#8243; global_colors_info=&#8220;{}&#8220; button_text_size__hover_enabled=&#8220;off&#8220; button_one_text_size__hover_enabled=&#8220;off&#8220; button_two_text_size__hover_enabled=&#8220;off&#8220; button_text_color__hover_enabled=&#8220;off&#8220; button_one_text_color__hover_enabled=&#8220;off&#8220; button_two_text_color__hover_enabled=&#8220;off&#8220; button_border_width__hover_enabled=&#8220;off&#8220; button_one_border_width__hover_enabled=&#8220;off&#8220; button_two_border_width__hover_enabled=&#8220;off&#8220; button_border_color__hover_enabled=&#8220;off&#8220; button_one_border_color__hover_enabled=&#8220;off&#8220; button_two_border_color__hover_enabled=&#8220;off&#8220; button_border_radius__hover_enabled=&#8220;off&#8220; button_one_border_radius__hover_enabled=&#8220;off&#8220; button_two_border_radius__hover_enabled=&#8220;off&#8220; button_letter_spacing__hover_enabled=&#8220;off&#8220; button_one_letter_spacing__hover_enabled=&#8220;off&#8220; button_two_letter_spacing__hover_enabled=&#8220;off&#8220; button_bg_color__hover_enabled=&#8220;off&#8220; button_one_bg_color__hover_enabled=&#8220;off&#8220; button_two_bg_color__hover_enabled=&#8220;off&#8220;][\/et_pb_contact_field][et_pb_contact_field field_id=&#8220;Email&#8220; field_title=&#8220;E-Mail-Adresse&#8220; field_type=&#8220;email&#8220; _builder_version=&#8220;4.16&#8243; global_colors_info=&#8220;{}&#8220; button_text_size__hover_enabled=&#8220;off&#8220; button_one_text_size__hover_enabled=&#8220;off&#8220; button_two_text_size__hover_enabled=&#8220;off&#8220; button_text_color__hover_enabled=&#8220;off&#8220; button_one_text_color__hover_enabled=&#8220;off&#8220; button_two_text_color__hover_enabled=&#8220;off&#8220; button_border_width__hover_enabled=&#8220;off&#8220; button_one_border_width__hover_enabled=&#8220;off&#8220; button_two_border_width__hover_enabled=&#8220;off&#8220; button_border_color__hover_enabled=&#8220;off&#8220; button_one_border_color__hover_enabled=&#8220;off&#8220; button_two_border_color__hover_enabled=&#8220;off&#8220; button_border_radius__hover_enabled=&#8220;off&#8220; button_one_border_radius__hover_enabled=&#8220;off&#8220; button_two_border_radius__hover_enabled=&#8220;off&#8220; button_letter_spacing__hover_enabled=&#8220;off&#8220; button_one_letter_spacing__hover_enabled=&#8220;off&#8220; button_two_letter_spacing__hover_enabled=&#8220;off&#8220; button_bg_color__hover_enabled=&#8220;off&#8220; button_one_bg_color__hover_enabled=&#8220;off&#8220; button_two_bg_color__hover_enabled=&#8220;off&#8220;][\/et_pb_contact_field][et_pb_contact_field field_id=&#8220;Message&#8220; field_title=&#8220;Nachricht&#8220; field_type=&#8220;text&#8220; fullwidth_field=&#8220;on&#8220; _builder_version=&#8220;4.16&#8243; global_colors_info=&#8220;{}&#8220; button_text_size__hover_enabled=&#8220;off&#8220; button_one_text_size__hover_enabled=&#8220;off&#8220; button_two_text_size__hover_enabled=&#8220;off&#8220; button_text_color__hover_enabled=&#8220;off&#8220; button_one_text_color__hover_enabled=&#8220;off&#8220; button_two_text_color__hover_enabled=&#8220;off&#8220; button_border_width__hover_enabled=&#8220;off&#8220; button_one_border_width__hover_enabled=&#8220;off&#8220; button_two_border_width__hover_enabled=&#8220;off&#8220; button_border_color__hover_enabled=&#8220;off&#8220; button_one_border_color__hover_enabled=&#8220;off&#8220; button_two_border_color__hover_enabled=&#8220;off&#8220; button_border_radius__hover_enabled=&#8220;off&#8220; button_one_border_radius__hover_enabled=&#8220;off&#8220; button_two_border_radius__hover_enabled=&#8220;off&#8220; button_letter_spacing__hover_enabled=&#8220;off&#8220; button_one_letter_spacing__hover_enabled=&#8220;off&#8220; button_two_letter_spacing__hover_enabled=&#8220;off&#8220; button_bg_color__hover_enabled=&#8220;off&#8220; button_one_bg_color__hover_enabled=&#8220;off&#8220; button_two_bg_color__hover_enabled=&#8220;off&#8220;][\/et_pb_contact_field][\/et_pb_contact_form][\/et_pb_column][\/et_pb_row][\/et_pb_section]<\/p>\n","protected":false},"excerpt":{"rendered":"<p>Unsere Mission verbindetSwiss Health Alliance \u2013 Messe &amp; Events Die Swiss Health Alliance (SHA) steht f\u00fcr Innovation, Transformation, Autarkie und Pr\u00e4vention.Als international t\u00e4tige, bei der UNO akkreditierte NGO mit Sitz in der Schweiz und Liechtenstein engagieren wir uns f\u00fcr zukunftsorientierte Gesundheitsl\u00f6sungen, nachhaltige Technologien und ganzheitliche Entwicklungsans\u00e4tze. Im Rahmen unserer SHA Messeplattform bringen wir vision\u00e4re Projekte, [&hellip;]<\/p>\n","protected":false},"author":1,"featured_media":0,"parent":0,"menu_order":0,"comment_status":"closed","ping_status":"closed","template":"","meta":{"_acf_changed":false,"_et_pb_use_builder":"on","_et_pb_old_content":"<!-- wp:divi\/placeholder \/-->","_et_gb_content_width":"","footnotes":""},"class_list":["post-150","page","type-page","status-publish","hentry"],"acf":[],"_links":{"self":[{"href":"https:\/\/sha-messe.com\/en\/wp-json\/wp\/v2\/pages\/150","targetHints":{"allow":["GET"]}}],"collection":[{"href":"https:\/\/sha-messe.com\/en\/wp-json\/wp\/v2\/pages"}],"about":[{"href":"https:\/\/sha-messe.com\/en\/wp-json\/wp\/v2\/types\/page"}],"author":[{"embeddable":true,"href":"https:\/\/sha-messe.com\/en\/wp-json\/wp\/v2\/users\/1"}],"replies":[{"embeddable":true,"href":"https:\/\/sha-messe.com\/en\/wp-json\/wp\/v2\/comments?post=150"}],"version-history":[{"count":7,"href":"https:\/\/sha-messe.com\/en\/wp-json\/wp\/v2\/pages\/150\/revisions"}],"predecessor-version":[{"id":230,"href":"https:\/\/sha-messe.com\/en\/wp-json\/wp\/v2\/pages\/150\/revisions\/230"}],"wp:attachment":[{"href":"https:\/\/sha-messe.com\/en\/wp-json\/wp\/v2\/media?parent=150"}],"curies":[{"name":"wp","href":"https:\/\/api.w.org\/{rel}","templated":true}]}}