{"id":211,"date":"2026-01-10T11:13:51","date_gmt":"2026-01-10T11:13:51","guid":{"rendered":"https:\/\/sha-messe.com\/?page_id=211"},"modified":"2026-01-17T14:10:53","modified_gmt":"2026-01-17T14:10:53","slug":"sha-messe","status":"publish","type":"page","link":"https:\/\/sha-messe.com\/en\/","title":{"rendered":"SHA trade fair"},"content":{"rendered":"<p>[et_pb_section fb_built=&#8220;1&#8243; _builder_version=&#8220;4.27.5&#8243; _module_preset=&#8220;default&#8220; custom_margin=&#8220;0px||0px||false|false&#8220; custom_padding=&#8220;0px||5px||false|false&#8220; global_colors_info=&#8220;{}&#8220;][et_pb_row custom_padding_last_edited=&#8220;on|tablet&#8220; _builder_version=&#8220;4.27.5&#8243; _module_preset=&#8220;default&#8220; background_color=&#8220;#bdd0de&#8220; custom_margin=&#8220;|||||true&#8220; custom_margin_tablet=&#8220;||0px||false|true&#8220; custom_margin_phone=&#8220;||0px||false|true&#8220; custom_margin_last_edited=&#8220;on|tablet&#8220; custom_padding=&#8220;|30px||30px|false|true&#8220; custom_padding_tablet=&#8220;||0px||false|true&#8220; custom_padding_phone=&#8220;||0px||false|true&#8220; border_width_top=&#8220;4px&#8220; border_color_top=&#8220;#bea675&#8243; border_width_right=&#8220;4px&#8220; border_color_right=&#8220;#bea675&#8243; border_width_left=&#8220;4px&#8220; border_color_left=&#8220;#bea675&#8243; global_colors_info=&#8220;{}&#8220;][et_pb_column type=&#8220;4_4&#8243; _builder_version=&#8220;4.27.5&#8243; _module_preset=&#8220;default&#8220; global_colors_info=&#8220;{}&#8220;][et_pb_text _builder_version=&#8220;4.27.5&#8243; _module_preset=&#8220;default&#8220; global_colors_info=&#8220;{}&#8220;]<\/p>\n<h1 style=\"text-align: center;\">Swiss-Health Alliance (SHA) an der WORLD FUTURE ENERGY SUMMIT<\/h1>\n<p>[\/et_pb_text][\/et_pb_column][\/et_pb_row][et_pb_row column_structure=&#8220;3_5,2_5&#8243; use_custom_gutter=&#8220;on&#8220; gutter_width=&#8220;2&#8243; custom_padding_last_edited=&#8220;on|tablet&#8220; _builder_version=&#8220;4.27.5&#8243; _module_preset=&#8220;default&#8220; background_color=&#8220;#bdd0de&#8220; custom_margin=&#8220;||0px||false|false&#8220; custom_margin_tablet=&#8220;0px||0px||true|false&#8220; custom_margin_phone=&#8220;0px||0px||true|false&#8220; custom_margin_last_edited=&#8220;on|tablet&#8220; custom_padding=&#8220;|30px||30px|false|true&#8220; custom_padding_tablet=&#8220;0px||0px||true|true&#8220; custom_padding_phone=&#8220;0px||0px||true|true&#8220; border_width_right=&#8220;4px&#8220; border_color_right=&#8220;#bea675&#8243; border_width_bottom=&#8220;4px&#8220; border_color_bottom=&#8220;#bea675&#8243; border_width_left=&#8220;4px&#8220; border_color_left=&#8220;#bea675&#8243; global_colors_info=&#8220;{}&#8220;][et_pb_column type=&#8220;3_5&#8243; _builder_version=&#8220;4.27.5&#8243; _module_preset=&#8220;default&#8220; global_colors_info=&#8220;{}&#8220;][et_pb_text _builder_version=&#8220;4.27.5&#8243; _module_preset=&#8220;default&#8220; custom_margin=&#8220;30px||||false|false&#8220; global_colors_info=&#8220;{}&#8220;]<\/p>\n<p><strong>Schweiz SWISS Pavillon 2026 in Abu Dhabi<\/strong><\/p>\n<p>Warum ist die SHA dabei ?<\/p>\n<p><span>Gesundheit braucht eine gesunde Erde.<\/span><span><br \/><\/span><span>Die Swiss-Health Alliance (SHA) nimmt am World Future Energy Summit teil, weil Gesundheit und Nachhaltigkeit untrennbar miteinander verbunden sind. Eine saubere, intakte Umwelt ist die Grundlage f\u00fcr das Wohlbefinden der Menschen \u2013 ohne eine gesunde Erde kann es keine langfristige Gesundheit geben.<\/span><span><br \/><\/span><span>Als internationale Gesundheitsorganisation mit Fokus auf Pr\u00e4vention und ganzheitliche Gesundheit sieht die SHA ihre Verantwortung nicht nur darin, gesunde Lebensbedingungen zu f\u00f6rdern, sondern auch aktiv zum Schutz unseres Planeten beizutragen.<\/span><span><br \/><\/span><span>Gemeinsam mit ihren Allianzpartnern aus den Bereichen ganzheitliche Medizin, nachhaltige Wirtschaft und zukunftsorientierte Innovationen st\u00e4rkt die SHA stabile Strukturen f\u00fcr eine umfassende, globale Gesundheit.<\/span><span><br \/><\/span><span>Der World Future Energy Summit bietet daf\u00fcr eine ideale Plattform: um innovative Ans\u00e4tze sichtbar zu machen, Synergien zwischen Umwelt- und Gesundheitssektor zu schaffen und gemeinsam L\u00f6sungen f\u00fcr eine nachhaltige Zukunft zu entwickeln.<\/span><span><br \/><\/span><span>Denn nachhaltige Energie, stabile Systeme und gesunde Menschen geh\u00f6ren zusammen.<\/span><\/p>\n<p>[\/et_pb_text][et_pb_image src=&#8220;https:\/\/sha-messe.com\/wp-content\/uploads\/2026\/01\/Design-ohne-Titel-3WES.png&#8220; title_text=&#8220;Design ohne Titel (3)WES&#8220; url=&#8220;#bea675&#8243; url_new_window=&#8220;on&#8220; _builder_version=&#8220;4.27.5&#8243; _module_preset=&#8220;default&#8220; global_colors_info=&#8220;{}&#8220;][\/et_pb_image][\/et_pb_column][et_pb_column type=&#8220;2_5&#8243; _builder_version=&#8220;4.27.5&#8243; _module_preset=&#8220;default&#8220; global_colors_info=&#8220;{}&#8220;][et_pb_image src=&#8220;https:\/\/sha-messe.com\/wp-content\/uploads\/2026\/01\/1-SHA.png&#8220; title_text=&#8220;1 SHA&#8220; _builder_version=&#8220;4.27.5&#8243; _module_preset=&#8220;default&#8220; global_colors_info=&#8220;{}&#8220;][\/et_pb_image][\/et_pb_column][\/et_pb_row][\/et_pb_section]<\/p>\n","protected":false},"excerpt":{"rendered":"<p>Swiss-Health Alliance (SHA) an der WORLD FUTURE ENERGY SUMMITSchweiz SWISS Pavillon 2026 in Abu Dhabi Warum ist die SHA dabei ? Gesundheit braucht eine gesunde Erde.Die Swiss-Health Alliance (SHA) nimmt am World Future Energy Summit teil, weil Gesundheit und Nachhaltigkeit untrennbar miteinander verbunden sind. Eine saubere, intakte Umwelt ist die Grundlage f\u00fcr das Wohlbefinden der [&hellip;]<\/p>\n","protected":false},"author":1,"featured_media":0,"parent":0,"menu_order":0,"comment_status":"closed","ping_status":"closed","template":"","meta":{"_acf_changed":false,"_et_pb_use_builder":"on","_et_pb_old_content":"","_et_gb_content_width":"","footnotes":""},"class_list":["post-211","page","type-page","status-publish","hentry"],"acf":[],"_links":{"self":[{"href":"https:\/\/sha-messe.com\/en\/wp-json\/wp\/v2\/pages\/211","targetHints":{"allow":["GET"]}}],"collection":[{"href":"https:\/\/sha-messe.com\/en\/wp-json\/wp\/v2\/pages"}],"about":[{"href":"https:\/\/sha-messe.com\/en\/wp-json\/wp\/v2\/types\/page"}],"author":[{"embeddable":true,"href":"https:\/\/sha-messe.com\/en\/wp-json\/wp\/v2\/users\/1"}],"replies":[{"embeddable":true,"href":"https:\/\/sha-messe.com\/en\/wp-json\/wp\/v2\/comments?post=211"}],"version-history":[{"count":7,"href":"https:\/\/sha-messe.com\/en\/wp-json\/wp\/v2\/pages\/211\/revisions"}],"predecessor-version":[{"id":267,"href":"https:\/\/sha-messe.com\/en\/wp-json\/wp\/v2\/pages\/211\/revisions\/267"}],"wp:attachment":[{"href":"https:\/\/sha-messe.com\/en\/wp-json\/wp\/v2\/media?parent=211"}],"curies":[{"name":"wp","href":"https:\/\/api.w.org\/{rel}","templated":true}]}}