{"id":247,"date":"2026-01-15T07:33:28","date_gmt":"2026-01-15T07:33:28","guid":{"rendered":"https:\/\/sha-messe.com\/?page_id=247"},"modified":"2026-01-17T14:11:34","modified_gmt":"2026-01-17T14:11:34","slug":"medienberichte","status":"publish","type":"page","link":"https:\/\/sha-messe.com\/en\/medienberichte\/","title":{"rendered":"Media reports"},"content":{"rendered":"<p>[et_pb_section fb_built=&#8220;1&#8243; _builder_version=&#8220;4.27.5&#8243; _module_preset=&#8220;default&#8220; custom_margin=&#8220;0px||0px||false|false&#8220; custom_padding=&#8220;||0px||false|false&#8220; global_colors_info=&#8220;{}&#8220;][et_pb_row _builder_version=&#8220;4.27.5&#8243; _module_preset=&#8220;default&#8220; background_color=&#8220;#bdd0de&#8220; custom_margin=&#8220;|||||true&#8220; custom_padding=&#8220;|30px||30px|false|true&#8220; border_width_top=&#8220;4px&#8220; border_color_top=&#8220;#bea675&#8243; border_width_right=&#8220;4px&#8220; border_color_right=&#8220;#bea675&#8243; border_width_left=&#8220;4px&#8220; border_color_left=&#8220;#bea675&#8243; global_colors_info=&#8220;{}&#8220;][et_pb_column type=&#8220;4_4&#8243; _builder_version=&#8220;4.27.5&#8243; _module_preset=&#8220;default&#8220; global_colors_info=&#8220;{}&#8220;][et_pb_text _builder_version=&#8220;4.27.5&#8243; _module_preset=&#8220;default&#8220; global_colors_info=&#8220;{}&#8220;]<\/p>\n<h1 style=\"text-align: center;\">Medienberichte<\/h1>\n<p>[\/et_pb_text][et_pb_text _builder_version=&#8220;4.27.5&#8243; _module_preset=&#8220;default&#8220; custom_margin=&#8220;30px||||false|false&#8220; global_colors_info=&#8220;{}&#8220;]<\/p>\n<p>In diesem Bereich finden Sie ausgew\u00e4hlte Medienberichte, Erw\u00e4hnungen und Ver\u00f6ffentlichungen rund um die <strong data-start=\"264\" data-end=\"305\"><span class=\"hover:entity-accent entity-underline inline cursor-pointer align-baseline\"><span class=\"whitespace-normal\">Swiss-Health Alliance (SHA)<\/span><\/span><\/strong> und ihre Aktivit\u00e4ten. Sie geben Einblick in unsere Projekte, unsere Pr\u00e4senz auf internationalen Messen sowie in unsere Arbeit an der Schnittstelle von Gesundheit, Pr\u00e4vention und Nachhaltigkeit.<\/p>\n<p>[\/et_pb_text][\/et_pb_column][\/et_pb_row][et_pb_row column_structure=&#8220;1_2,1_2&#8243; use_custom_gutter=&#8220;on&#8220; gutter_width=&#8220;2&#8243; _builder_version=&#8220;4.27.5&#8243; _module_preset=&#8220;default&#8220; background_color=&#8220;#bdd0de&#8220; custom_margin=&#8220;0px||||false|false&#8220; custom_padding=&#8220;0px|30px||30px|false|true&#8220; border_width_right=&#8220;4px&#8220; border_color_right=&#8220;#bea675&#8243; border_width_bottom=&#8220;4px&#8220; border_color_bottom=&#8220;#bea675&#8243; border_width_left=&#8220;4px&#8220; border_color_left=&#8220;#bea675&#8243; global_colors_info=&#8220;{}&#8220;][et_pb_column type=&#8220;1_2&#8243; _builder_version=&#8220;4.27.5&#8243; _module_preset=&#8220;default&#8220; global_colors_info=&#8220;{}&#8220;][et_pb_text _builder_version=&#8220;4.27.5&#8243; _module_preset=&#8220;default&#8220; custom_margin=&#8220;30px||||false|false&#8220; global_colors_info=&#8220;{}&#8220;]<\/p>\n<p style=\"text-align: center;\"><strong><a href=\"https:\/\/punkt4.info\/nachrichten\/detail\/news\/swiss-health-alliance-verbindet-gesundheit-mit-kreislaufwirtschaft\/\" target=\"_blank\" rel=\"noopener\">Swiss Health Alliance verbindet Gesundheit mit Kreislaufwirtschaft<\/a><\/strong><\/p>\n<p>[\/et_pb_text][et_pb_text _builder_version=&#8220;4.27.5&#8243; _module_preset=&#8220;default&#8220; custom_margin=&#8220;30px||||false|false&#8220; hover_enabled=&#8220;0&#8243; global_colors_info=&#8220;{}&#8220; sticky_enabled=&#8220;0&#8243;]<\/p>\n<p style=\"text-align: center;\"><strong><a href=\"https:\/\/sha-messe.com\/wp-content\/uploads\/2026\/01\/SHA-local-17-2026-1.pdf\" target=\"_blank\" rel=\"noopener\">World Future Energy Summit 2026 in Abu Dhabi<\/a><\/strong><\/p>\n<p>[\/et_pb_text][\/et_pb_column][et_pb_column type=&#8220;1_2&#8243; _builder_version=&#8220;4.27.5&#8243; _module_preset=&#8220;default&#8220; global_colors_info=&#8220;{}&#8220;][et_pb_image src=&#8220;https:\/\/sha-messe.com\/wp-content\/uploads\/2026\/01\/Design-ohne-Titel-3WES.png&#8220; title_text=&#8220;Design ohne Titel (3)WES&#8220; _builder_version=&#8220;4.27.5&#8243; _module_preset=&#8220;default&#8220; global_colors_info=&#8220;{}&#8220;][\/et_pb_image][\/et_pb_column][\/et_pb_row][\/et_pb_section]<\/p>\n","protected":false},"excerpt":{"rendered":"<p>MedienberichteIn diesem Bereich finden Sie ausgew\u00e4hlte Medienberichte, Erw\u00e4hnungen und Ver\u00f6ffentlichungen rund um die Swiss-Health Alliance (SHA) und ihre Aktivit\u00e4ten. Sie geben Einblick in unsere Projekte, unsere Pr\u00e4senz auf internationalen Messen sowie in unsere Arbeit an der Schnittstelle von Gesundheit, Pr\u00e4vention und Nachhaltigkeit.Swiss Health Alliance verbindet Gesundheit mit KreislaufwirtschaftWorld Future Energy Summit 2026 in Abu Dhabi<\/p>","protected":false},"author":1,"featured_media":0,"parent":0,"menu_order":0,"comment_status":"closed","ping_status":"closed","template":"","meta":{"_acf_changed":false,"_et_pb_use_builder":"on","_et_pb_old_content":"","_et_gb_content_width":"","footnotes":""},"class_list":["post-247","page","type-page","status-publish","hentry"],"acf":[],"_links":{"self":[{"href":"https:\/\/sha-messe.com\/en\/wp-json\/wp\/v2\/pages\/247","targetHints":{"allow":["GET"]}}],"collection":[{"href":"https:\/\/sha-messe.com\/en\/wp-json\/wp\/v2\/pages"}],"about":[{"href":"https:\/\/sha-messe.com\/en\/wp-json\/wp\/v2\/types\/page"}],"author":[{"embeddable":true,"href":"https:\/\/sha-messe.com\/en\/wp-json\/wp\/v2\/users\/1"}],"replies":[{"embeddable":true,"href":"https:\/\/sha-messe.com\/en\/wp-json\/wp\/v2\/comments?post=247"}],"version-history":[{"count":4,"href":"https:\/\/sha-messe.com\/en\/wp-json\/wp\/v2\/pages\/247\/revisions"}],"predecessor-version":[{"id":268,"href":"https:\/\/sha-messe.com\/en\/wp-json\/wp\/v2\/pages\/247\/revisions\/268"}],"wp:attachment":[{"href":"https:\/\/sha-messe.com\/en\/wp-json\/wp\/v2\/media?parent=247"}],"curies":[{"name":"wp","href":"https:\/\/api.w.org\/{rel}","templated":true}]}}