{"id":92,"date":"2026-01-08T19:41:47","date_gmt":"2026-01-08T19:41:47","guid":{"rendered":"https:\/\/sha-messe.com\/?page_id=92"},"modified":"2026-01-10T10:59:18","modified_gmt":"2026-01-10T10:59:18","slug":"vortexpower","status":"publish","type":"page","link":"https:\/\/sha-messe.com\/en\/vortexpower\/","title":{"rendered":"Vortexpower"},"content":{"rendered":"<p>[et_pb_section fb_built=&#8220;1&#8243; _builder_version=&#8220;4.27.5&#8243; _module_preset=&#8220;default&#8220; hover_enabled=&#8220;0&#8243; global_colors_info=&#8220;{}&#8220; custom_margin=&#8220;0px||0px||true|false&#8220; custom_padding=&#8220;0px||0px||true|false&#8220; sticky_enabled=&#8220;0&#8243;][et_pb_row custom_padding_last_edited=&#8220;on|tablet&#8220; _builder_version=&#8220;4.27.5&#8243; _module_preset=&#8220;default&#8220; background_color=&#8220;#bdd0de&#8220; custom_margin=&#8220;|||||true&#8220; custom_margin_tablet=&#8220;||0px||false|true&#8220; custom_margin_phone=&#8220;||0px||false|true&#8220; custom_margin_last_edited=&#8220;on|tablet&#8220; custom_padding=&#8220;|30px||30px|false|true&#8220; custom_padding_tablet=&#8220;||0px||false|true&#8220; custom_padding_phone=&#8220;||0px||false|true&#8220; border_width_top=&#8220;4px&#8220; border_color_top=&#8220;#bea675&#8243; border_width_right=&#8220;4px&#8220; border_color_right=&#8220;#bea675&#8243; border_width_left=&#8220;4px&#8220; border_color_left=&#8220;#bea675&#8243; global_colors_info=&#8220;{}&#8220;][et_pb_column type=&#8220;4_4&#8243; _builder_version=&#8220;4.27.5&#8243; _module_preset=&#8220;default&#8220; global_colors_info=&#8220;{}&#8220;][et_pb_text _builder_version=&#8220;4.27.5&#8243; _module_preset=&#8220;default&#8220; global_colors_info=&#8220;{}&#8220;]<\/p>\n<h1 style=\"text-align: center;\">VortexPower<\/h1>\n<p>[\/et_pb_text][\/et_pb_column][\/et_pb_row][et_pb_row column_structure=&#8220;1_2,1_2&#8243; use_custom_gutter=&#8220;on&#8220; gutter_width=&#8220;2&#8243; custom_padding_last_edited=&#8220;on|phone&#8220; _builder_version=&#8220;4.27.5&#8243; _module_preset=&#8220;default&#8220; background_color=&#8220;#bdd0de&#8220; custom_margin_tablet=&#8220;0px||||false|false&#8220; custom_margin_phone=&#8220;0px||||false|false&#8220; custom_margin_last_edited=&#8220;on|tablet&#8220; custom_padding=&#8220;|30px||30px|false|true&#8220; custom_padding_tablet=&#8220;0px|30px||30px|false|true&#8220; custom_padding_phone=&#8220;0px|30px||30px|false|true&#8220; border_width_right=&#8220;4px&#8220; border_color_right=&#8220;#bea675&#8243; border_width_left=&#8220;4px&#8220; border_color_left=&#8220;#bea675&#8243; global_colors_info=&#8220;{}&#8220;][et_pb_column type=&#8220;1_2&#8243; _builder_version=&#8220;4.27.5&#8243; _module_preset=&#8220;default&#8220; global_colors_info=&#8220;{}&#8220;][et_pb_text _builder_version=&#8220;4.27.5&#8243; _module_preset=&#8220;default&#8220; custom_margin=&#8220;30px||||false|false&#8220; custom_margin_tablet=&#8220;||20px||false|false&#8220; custom_margin_phone=&#8220;||20px||false|false&#8220; custom_margin_last_edited=&#8220;on|tablet&#8220; custom_padding_tablet=&#8220;&#8220; custom_padding_phone=&#8220;&#8220; custom_padding_last_edited=&#8220;on|tablet&#8220; global_colors_info=&#8220;{}&#8220;]<\/p>\n<p>Das <strong>LIVING WATER<\/strong> Set vereint zwei Welten, die sich optimal erg\u00e4nzen: Pr\u00e4zise deutsche Filtertechnologie und hochentwickelte Schweizer Wirbeltechnik. Gemeinsam entsteht ein Quellsystem, das Wasser in einer Qualit\u00e4t liefert, die nat\u00fcrliche Bergquellen widerspiegelt \u2013 klar, lebendig und voller Energie. Nat\u00fcrliche Reinheit \u2013 ohne Strom, ohne Plastik, ohne Chemie Das System arbeitet rein physikalisch, vollkommen wartungsfrei und ausgesprochen effizient. Es sch\u00fctzt zuverl\u00e4ssig vor unerw\u00fcnschten Stoffen, schafft ein harmonisches Geschmacksprofil und erzeugt ein besonders weiches, strukturiertes Wasser, das den K\u00f6rper unterst\u00fctzt und den Alltag bereichert.<\/p>\n<p>[\/et_pb_text][et_pb_image src=&#8220;https:\/\/sha-messe.com\/wp-content\/uploads\/2026\/01\/alfa-aktiv-30-x-20-ml-biosna.psd-1.png&#8220; title_text=&#8220;alfa-aktiv-30-x-20-ml-biosna.psd (1)&#8220; align=&#8220;center&#8220; _builder_version=&#8220;4.27.5&#8243; _module_preset=&#8220;default&#8220; width=&#8220;63%&#8220; global_colors_info=&#8220;{}&#8220;][\/et_pb_image][\/et_pb_column][et_pb_column type=&#8220;1_2&#8243; _builder_version=&#8220;4.27.5&#8243; _module_preset=&#8220;default&#8220; global_colors_info=&#8220;{}&#8220;][et_pb_image src=&#8220;https:\/\/sha-messe.com\/wp-content\/uploads\/2026\/01\/VP-SPRING-u.-SOULMATE-beim-Auffuellen-scaled-e1767901268219.jpg&#8220; title_text=&#8220;VP SPRING u. SOULMATE beim Auffu\u0308llen&#8220; align=&#8220;center&#8220; _builder_version=&#8220;4.27.5&#8243; _module_preset=&#8220;default&#8220; width=&#8220;85%&#8220; global_colors_info=&#8220;{}&#8220;][\/et_pb_image][\/et_pb_column][\/et_pb_row][et_pb_row column_structure=&#8220;1_4,1_2,1_4&#8243; custom_padding_last_edited=&#8220;on|tablet&#8220; _builder_version=&#8220;4.27.5&#8243; _module_preset=&#8220;default&#8220; background_color=&#8220;#bdd0de&#8220; custom_margin=&#8220;|auto|-5px|auto||&#8220; custom_margin_tablet=&#8220;0px||||false|false&#8220; custom_margin_phone=&#8220;0px||||false|false&#8220; custom_margin_last_edited=&#8220;on|tablet&#8220; custom_padding=&#8220;|30px||30px|false|true&#8220; custom_padding_tablet=&#8220;0px||0px||false|true&#8220; custom_padding_phone=&#8220;0px||0px||false|true&#8220; border_width_right=&#8220;4px&#8220; border_color_right=&#8220;#bea675&#8243; border_width_left=&#8220;4px&#8220; border_color_left=&#8220;#bea675&#8243; global_colors_info=&#8220;{}&#8220;][et_pb_column type=&#8220;1_4&#8243; _builder_version=&#8220;4.27.5&#8243; _module_preset=&#8220;default&#8220; global_colors_info=&#8220;{}&#8220;][\/et_pb_column][et_pb_column type=&#8220;1_2&#8243; _builder_version=&#8220;4.27.5&#8243; _module_preset=&#8220;default&#8220; global_colors_info=&#8220;{}&#8220;][et_pb_image src=&#8220;https:\/\/sha-messe.com\/wp-content\/uploads\/2026\/01\/YortexPower.png&#8220; title_text=&#8220;YortexPower&#8220; _builder_version=&#8220;4.27.5&#8243; _module_preset=&#8220;default&#8220; global_colors_info=&#8220;{}&#8220;][\/et_pb_image][\/et_pb_column][et_pb_column type=&#8220;1_4&#8243; _builder_version=&#8220;4.27.5&#8243; _module_preset=&#8220;default&#8220; global_colors_info=&#8220;{}&#8220;][\/et_pb_column][\/et_pb_row][et_pb_row column_structure=&#8220;1_2,1_2&#8243; use_custom_gutter=&#8220;on&#8220; gutter_width=&#8220;2&#8243; _builder_version=&#8220;4.27.5&#8243; _module_preset=&#8220;default&#8220; background_color=&#8220;#bdd0de&#8220; custom_padding=&#8220;|30px||30px|false|true&#8220; border_width_right=&#8220;4px&#8220; border_color_right=&#8220;#bea675&#8243; border_width_bottom=&#8220;4px&#8220; border_color_bottom=&#8220;#bea675&#8243; border_width_left=&#8220;4px&#8220; border_color_left=&#8220;#bea675&#8243; global_colors_info=&#8220;{}&#8220;][et_pb_column type=&#8220;1_2&#8243; _builder_version=&#8220;4.27.5&#8243; _module_preset=&#8220;default&#8220; global_colors_info=&#8220;{}&#8220;][et_pb_image src=&#8220;https:\/\/sha-messe.com\/wp-content\/uploads\/2026\/01\/VP-SPRING-Rundbogenarmatur-in-Kuechenstudio-e1767900791372.jpg&#8220; title_text=&#8220;VP SPRING Rundbogenarmatur in Ku\u0308chenstudio&#8220; _builder_version=&#8220;4.27.5&#8243; _module_preset=&#8220;default&#8220; global_colors_info=&#8220;{}&#8220;][\/et_pb_image][\/et_pb_column][et_pb_column type=&#8220;1_2&#8243; _builder_version=&#8220;4.27.5&#8243; _module_preset=&#8220;default&#8220; global_colors_info=&#8220;{}&#8220;][et_pb_text _builder_version=&#8220;4.27.5&#8243; _module_preset=&#8220;default&#8220; custom_margin=&#8220;||||false|false&#8220; custom_margin_tablet=&#8220;20px||||false|false&#8220; custom_margin_phone=&#8220;20px||||false|false&#8220; custom_margin_last_edited=&#8220;on|tablet&#8220; global_colors_info=&#8220;{}&#8220;]<\/p>\n<p><strong>Zwei Komponenten \u2013 ein ganzheitliches Quellprinzip<\/strong><\/p>\n<p>[\/et_pb_text][et_pb_text _builder_version=&#8220;4.27.5&#8243; _module_preset=&#8220;default&#8220; global_colors_info=&#8220;{}&#8220;]<\/p>\n<p><strong>SAFE Untertischfilter:<\/strong> Reinigt das Wasser tiefenwirksam, sch\u00fctzt vor Keimen und unerw\u00fcnschten Belastungen und sorgt f\u00fcr konstant hohe Qualit\u00e4t \u2013 mindestens 3 Jahre lang.<\/p>\n<p><strong>SPRING Wasserwirbler:<\/strong> Vitalisieren das gefilterte Wasser durch einen naturkonformen<br \/>Hochgeschwindigkeitswirbel, f\u00fchrt Sauerstoff zu und bringt Struktur und Lebendigkeit zur\u00fcck.<\/p>\n<p><strong>F\u00fcr Zuhause, B\u00fcro Hotellerie, Gastronomie, <\/strong><strong>Freizeitparks oder Messen<br \/><\/strong>Ob K\u00fcche, B\u00fcro oder Wellnessbereich \u2013 das LIVING WATER Set liefert jederzeit frisches, energetisiertes und strukturiertes Trinkwasser.<\/p>\n<p><strong>Maximale Nachhaltigkeit \u2013 maximale Qualit\u00e4t<\/strong><br \/>Kein Strom. Kein Plastik. Keine Chemie. Nur reine Ingenieurskunst, langlebige Materialien und Wasser in seiner nat\u00fcrlichsten Form.<br \/>Hochwertiges, hygienisch sicheres Trinkwasser.<\/p>\n<p>[\/et_pb_text][\/et_pb_column][\/et_pb_row][\/et_pb_section]<\/p>\n","protected":false},"excerpt":{"rendered":"<p>VortexPowerDas LIVING WATER Set vereint zwei Welten, die sich optimal erg\u00e4nzen: Pr\u00e4zise deutsche Filtertechnologie und hochentwickelte Schweizer Wirbeltechnik. Gemeinsam entsteht ein Quellsystem, das Wasser in einer Qualit\u00e4t liefert, die nat\u00fcrliche Bergquellen widerspiegelt \u2013 klar, lebendig und voller Energie. Nat\u00fcrliche Reinheit \u2013 ohne Strom, ohne Plastik, ohne Chemie Das System arbeitet rein physikalisch, vollkommen wartungsfrei und [&hellip;]<\/p>\n","protected":false},"author":1,"featured_media":0,"parent":0,"menu_order":0,"comment_status":"closed","ping_status":"closed","template":"","meta":{"_acf_changed":false,"_et_pb_use_builder":"on","_et_pb_old_content":"","_et_gb_content_width":"","footnotes":""},"class_list":["post-92","page","type-page","status-publish","hentry"],"acf":[],"_links":{"self":[{"href":"https:\/\/sha-messe.com\/en\/wp-json\/wp\/v2\/pages\/92","targetHints":{"allow":["GET"]}}],"collection":[{"href":"https:\/\/sha-messe.com\/en\/wp-json\/wp\/v2\/pages"}],"about":[{"href":"https:\/\/sha-messe.com\/en\/wp-json\/wp\/v2\/types\/page"}],"author":[{"embeddable":true,"href":"https:\/\/sha-messe.com\/en\/wp-json\/wp\/v2\/users\/1"}],"replies":[{"embeddable":true,"href":"https:\/\/sha-messe.com\/en\/wp-json\/wp\/v2\/comments?post=92"}],"version-history":[{"count":6,"href":"https:\/\/sha-messe.com\/en\/wp-json\/wp\/v2\/pages\/92\/revisions"}],"predecessor-version":[{"id":200,"href":"https:\/\/sha-messe.com\/en\/wp-json\/wp\/v2\/pages\/92\/revisions\/200"}],"wp:attachment":[{"href":"https:\/\/sha-messe.com\/en\/wp-json\/wp\/v2\/media?parent=92"}],"curies":[{"name":"wp","href":"https:\/\/api.w.org\/{rel}","templated":true}]}}